{"id":21,"date":"2021-12-19T00:00:10","date_gmt":"2021-12-19T00:00:10","guid":{"rendered":"http:\/\/dco.pl\/lubin\/?page_id=21"},"modified":"2024-06-12T16:41:51","modified_gmt":"2024-06-12T16:41:51","slug":"poradnia-ortopedyczna","status":"publish","type":"page","link":"http:\/\/dco.pl\/lubin\/poradnie-i-cenniki\/poradnia-ortopedyczna\/","title":{"rendered":"Poradnia ortopedyczna"},"content":{"rendered":"<p><b>Ortopedia i traumatologia jest dziedzin\u0105 medycyny zajmuj\u0105c\u0105 si\u0119 diagnostyk\u0105 oraz leczeniem zar\u00f3wno zachowawczym, jaki i operacyjnym schorze\u0144 zwi\u0105zanych z narz\u0105dem ruchu. Ortopedia obejmuje wady wrodzone i nabyte, zaka\u017cenia, a tak\u017ce nowotwory. Traumatologia natomiast zwi\u0105zana jest z uszkodzeniami i zmianami pourazowymi narz\u0105du ruchu min. uk\u0142adu wi\u0119zad\u0142owo-stawowego, mi\u0119\u015bni, nerw\u00f3w i naczy\u0144.<\/b><\/p>\n<p><span style=\"font-weight: 400;\">Nasi Pacjenci najcz\u0119\u015bciej zg\u0142aszaj\u0105 si\u0119 do nas po kontuzjach i urazach powsta\u0142ych w skutek uprawiania sportu, wypadkach, jak r\u00f3wnie\u017c przy zespo\u0142ach b\u00f3lowych kr\u0119gos\u0142upa i staw\u00f3w.<\/span><\/p>\n<p><span style=\"font-weight: 400;\">Zesp\u00f3\u0142 naszych ortoped\u00f3w w oparciu o swoj\u0105 wiedz\u0119, do\u015bwiadczenie i szerokie umiej\u0119tno\u015bci oraz najwy\u017cszej klasy sprz\u0119t do diagnostyki obrazowej s\u0105 w stanie szybko i trafnie zdiagnozowa\u0107 Pa\u0144stwa problemy. Nasi lekarze to praktycy, co daje pewno\u015b\u0107, \u017ce w razie braku innych mo\u017cliwo\u015bci, b\u0119dziemy mogli zaoferowa\u0107 Pa\u0144stwu leczenie inwazyjne- operacyjne. Dok\u0142adamy wszelkich stara\u0144 aby jak najszybciej mogli Pa\u0144stwo wr\u00f3ci\u0107 do normalnej aktywno\u015bci fizycznej i pozby\u0107 si\u0119 dolegliwo\u015bci.<\/span><\/p>\n<p><span style=\"font-weight: 400;\">Na miejscu poza badaniem fizykalnym przeprowadzane s\u0105 r\u00f3wnie\u017c badania obrazowe na sprz\u0119cie najwy\u017cszej jako\u015bci.\u00a0<\/span><\/p>\n<p><span style=\"font-weight: 400;\">W gabinecie zabiegowym mo\u017cemy przeprowadzi\u0107 drobne zabiegi chirurgiczne w znieczuleniu miejscowym, od punkcji stawu, po zabiegi w ramach chirurgii r\u0119ki- zesp\u00f3\u0142 cie\u015bni kana\u0142u nadgarstka, resekcja kaletek.<\/span><\/p>\n<p><span style=\"font-weight: 400;\">R\u00f3wnie\u017c na miejscu posiadamy liczne produkty lecznicze, takie jak kwasy hialuronowe do iniekcji, mo\u017cliwo\u015b\u0107 wykonania zabieg\u00f3w z u\u017cyciem PRP \u2013 osocza bogatop\u0142ytkowego i fibryny iPRF.<\/span><\/p>\n","protected":false},"excerpt":{"rendered":"<p>Ortopedia i traumatologia jest dziedzin\u0105 medycyny zajmuj\u0105c\u0105 si\u0119 diagnostyk\u0105 oraz leczeniem zar\u00f3wno zachowawczym, jaki i operacyjnym schorze\u0144 zwi\u0105zanych z narz\u0105dem ruchu. Ortopedia obejmuje wady wrodzone i nabyte, zaka\u017cenia, a tak\u017ce nowotwory. Traumatologia natomiast zwi\u0105zana jest z uszkodzeniami i zmianami pourazowymi narz\u0105du ruchu min. uk\u0142adu wi\u0119zad\u0142owo-stawowego, mi\u0119\u015bni, nerw\u00f3w i naczy\u0144. Nasi Pacjenci najcz\u0119\u015bciej zg\u0142aszaj\u0105 si\u0119 do [&hellip;]<\/p>\n","protected":false},"author":1,"featured_media":311,"parent":19,"menu_order":1,"comment_status":"closed","ping_status":"closed","template":"page-single-poradnia.php","meta":{"inline_featured_image":false},"acf":[],"yoast_head":"<!-- This site is optimized with the Yoast SEO plugin v20.6 - https:\/\/yoast.com\/wordpress\/plugins\/seo\/ -->\n<title>Poradnia ortopedyczna - DCO Lubin<\/title>\n<meta name=\"robots\" content=\"index, follow, max-snippet:-1, max-image-preview:large, max-video-preview:-1\" \/>\n<link rel=\"canonical\" href=\"https:\/\/dco.pl\/lubin\/poradnie-i-cenniki\/poradnia-ortopedyczna\/\" \/>\n<meta property=\"og:locale\" content=\"pl_PL\" \/>\n<meta property=\"og:type\" content=\"article\" \/>\n<meta property=\"og:title\" content=\"Poradnia ortopedyczna - DCO Lubin\" \/>\n<meta property=\"og:description\" content=\"Ortopedia i traumatologia jest dziedzin\u0105 medycyny zajmuj\u0105c\u0105 si\u0119 diagnostyk\u0105 oraz leczeniem zar\u00f3wno zachowawczym, jaki i operacyjnym schorze\u0144 zwi\u0105zanych z narz\u0105dem ruchu. Ortopedia obejmuje wady wrodzone i nabyte, zaka\u017cenia, a tak\u017ce nowotwory. Traumatologia natomiast zwi\u0105zana jest z uszkodzeniami i zmianami pourazowymi narz\u0105du ruchu min. uk\u0142adu wi\u0119zad\u0142owo-stawowego, mi\u0119\u015bni, nerw\u00f3w i naczy\u0144. Nasi Pacjenci najcz\u0119\u015bciej zg\u0142aszaj\u0105 si\u0119 do [&hellip;]\" \/>\n<meta property=\"og:url\" content=\"https:\/\/dco.pl\/lubin\/poradnie-i-cenniki\/poradnia-ortopedyczna\/\" \/>\n<meta property=\"og:site_name\" content=\"DCO Lubin\" \/>\n<meta property=\"article:modified_time\" content=\"2024-06-12T16:41:51+00:00\" \/>\n<meta property=\"og:image\" content=\"https:\/\/dco.pl\/lubin\/wp-content\/uploads\/sites\/2\/2022\/08\/female-patient-examining-spine-at-physiotherapist-at-vertebrology-center-scaled.jpg\" \/>\n\t<meta property=\"og:image:width\" content=\"2560\" \/>\n\t<meta property=\"og:image:height\" content=\"1706\" \/>\n\t<meta property=\"og:image:type\" content=\"image\/jpeg\" \/>\n<meta name=\"twitter:card\" content=\"summary_large_image\" \/>\n<meta name=\"twitter:label1\" content=\"Szacowany czas czytania\" \/>\n\t<meta name=\"twitter:data1\" content=\"2 minuty\" \/>\n<script type=\"application\/ld+json\" class=\"yoast-schema-graph\">{\"@context\":\"https:\/\/schema.org\",\"@graph\":[{\"@type\":\"WebPage\",\"@id\":\"https:\/\/dco.pl\/lubin\/poradnie-i-cenniki\/poradnia-ortopedyczna\/\",\"url\":\"https:\/\/dco.pl\/lubin\/poradnie-i-cenniki\/poradnia-ortopedyczna\/\",\"name\":\"Poradnia ortopedyczna - DCO Lubin\",\"isPartOf\":{\"@id\":\"https:\/\/dco.pl\/lubin\/#website\"},\"datePublished\":\"2021-12-19T00:00:10+00:00\",\"dateModified\":\"2024-06-12T16:41:51+00:00\",\"breadcrumb\":{\"@id\":\"https:\/\/dco.pl\/lubin\/poradnie-i-cenniki\/poradnia-ortopedyczna\/#breadcrumb\"},\"inLanguage\":\"pl-PL\",\"potentialAction\":[{\"@type\":\"ReadAction\",\"target\":[\"https:\/\/dco.pl\/lubin\/poradnie-i-cenniki\/poradnia-ortopedyczna\/\"]}]},{\"@type\":\"BreadcrumbList\",\"@id\":\"https:\/\/dco.pl\/lubin\/poradnie-i-cenniki\/poradnia-ortopedyczna\/#breadcrumb\",\"itemListElement\":[{\"@type\":\"ListItem\",\"position\":1,\"name\":\"Strona g\u0142\u00f3wna\",\"item\":\"https:\/\/dco.pl\/lubin\/\"},{\"@type\":\"ListItem\",\"position\":2,\"name\":\"Poradnie i cenniki\",\"item\":\"https:\/\/dco.pl\/lubin\/poradnie-i-cenniki\/\"},{\"@type\":\"ListItem\",\"position\":3,\"name\":\"Poradnia ortopedyczna\"}]},{\"@type\":\"WebSite\",\"@id\":\"https:\/\/dco.pl\/lubin\/#website\",\"url\":\"https:\/\/dco.pl\/lubin\/\",\"name\":\"DCO Lubin\",\"description\":\"Just another WordPress site\",\"potentialAction\":[{\"@type\":\"SearchAction\",\"target\":{\"@type\":\"EntryPoint\",\"urlTemplate\":\"https:\/\/dco.pl\/lubin\/?s={search_term_string}\"},\"query-input\":\"required name=search_term_string\"}],\"inLanguage\":\"pl-PL\"}]}<\/script>\n<!-- \/ Yoast SEO plugin. -->","yoast_head_json":{"title":"Poradnia ortopedyczna - DCO Lubin","robots":{"index":"index","follow":"follow","max-snippet":"max-snippet:-1","max-image-preview":"max-image-preview:large","max-video-preview":"max-video-preview:-1"},"canonical":"https:\/\/dco.pl\/lubin\/poradnie-i-cenniki\/poradnia-ortopedyczna\/","og_locale":"pl_PL","og_type":"article","og_title":"Poradnia ortopedyczna - DCO Lubin","og_description":"Ortopedia i traumatologia jest dziedzin\u0105 medycyny zajmuj\u0105c\u0105 si\u0119 diagnostyk\u0105 oraz leczeniem zar\u00f3wno zachowawczym, jaki i operacyjnym schorze\u0144 zwi\u0105zanych z narz\u0105dem ruchu. Ortopedia obejmuje wady wrodzone i nabyte, zaka\u017cenia, a tak\u017ce nowotwory. Traumatologia natomiast zwi\u0105zana jest z uszkodzeniami i zmianami pourazowymi narz\u0105du ruchu min. uk\u0142adu wi\u0119zad\u0142owo-stawowego, mi\u0119\u015bni, nerw\u00f3w i naczy\u0144. Nasi Pacjenci najcz\u0119\u015bciej zg\u0142aszaj\u0105 si\u0119 do [&hellip;]","og_url":"https:\/\/dco.pl\/lubin\/poradnie-i-cenniki\/poradnia-ortopedyczna\/","og_site_name":"DCO Lubin","article_modified_time":"2024-06-12T16:41:51+00:00","og_image":[{"width":2560,"height":1706,"url":"https:\/\/dco.pl\/lubin\/wp-content\/uploads\/sites\/2\/2022\/08\/female-patient-examining-spine-at-physiotherapist-at-vertebrology-center-scaled.jpg","type":"image\/jpeg"}],"twitter_card":"summary_large_image","twitter_misc":{"Szacowany czas czytania":"2 minuty"},"schema":{"@context":"https:\/\/schema.org","@graph":[{"@type":"WebPage","@id":"https:\/\/dco.pl\/lubin\/poradnie-i-cenniki\/poradnia-ortopedyczna\/","url":"https:\/\/dco.pl\/lubin\/poradnie-i-cenniki\/poradnia-ortopedyczna\/","name":"Poradnia ortopedyczna - DCO Lubin","isPartOf":{"@id":"https:\/\/dco.pl\/lubin\/#website"},"datePublished":"2021-12-19T00:00:10+00:00","dateModified":"2024-06-12T16:41:51+00:00","breadcrumb":{"@id":"https:\/\/dco.pl\/lubin\/poradnie-i-cenniki\/poradnia-ortopedyczna\/#breadcrumb"},"inLanguage":"pl-PL","potentialAction":[{"@type":"ReadAction","target":["https:\/\/dco.pl\/lubin\/poradnie-i-cenniki\/poradnia-ortopedyczna\/"]}]},{"@type":"BreadcrumbList","@id":"https:\/\/dco.pl\/lubin\/poradnie-i-cenniki\/poradnia-ortopedyczna\/#breadcrumb","itemListElement":[{"@type":"ListItem","position":1,"name":"Strona g\u0142\u00f3wna","item":"https:\/\/dco.pl\/lubin\/"},{"@type":"ListItem","position":2,"name":"Poradnie i cenniki","item":"https:\/\/dco.pl\/lubin\/poradnie-i-cenniki\/"},{"@type":"ListItem","position":3,"name":"Poradnia ortopedyczna"}]},{"@type":"WebSite","@id":"https:\/\/dco.pl\/lubin\/#website","url":"https:\/\/dco.pl\/lubin\/","name":"DCO Lubin","description":"Just another WordPress site","potentialAction":[{"@type":"SearchAction","target":{"@type":"EntryPoint","urlTemplate":"https:\/\/dco.pl\/lubin\/?s={search_term_string}"},"query-input":"required name=search_term_string"}],"inLanguage":"pl-PL"}]}},"_links":{"self":[{"href":"http:\/\/dco.pl\/lubin\/wp-json\/wp\/v2\/pages\/21"}],"collection":[{"href":"http:\/\/dco.pl\/lubin\/wp-json\/wp\/v2\/pages"}],"about":[{"href":"http:\/\/dco.pl\/lubin\/wp-json\/wp\/v2\/types\/page"}],"author":[{"embeddable":true,"href":"http:\/\/dco.pl\/lubin\/wp-json\/wp\/v2\/users\/1"}],"replies":[{"embeddable":true,"href":"http:\/\/dco.pl\/lubin\/wp-json\/wp\/v2\/comments?post=21"}],"version-history":[{"count":15,"href":"http:\/\/dco.pl\/lubin\/wp-json\/wp\/v2\/pages\/21\/revisions"}],"predecessor-version":[{"id":458,"href":"http:\/\/dco.pl\/lubin\/wp-json\/wp\/v2\/pages\/21\/revisions\/458"}],"up":[{"embeddable":true,"href":"http:\/\/dco.pl\/lubin\/wp-json\/wp\/v2\/pages\/19"}],"wp:featuredmedia":[{"embeddable":true,"href":"http:\/\/dco.pl\/lubin\/wp-json\/wp\/v2\/media\/311"}],"wp:attachment":[{"href":"http:\/\/dco.pl\/lubin\/wp-json\/wp\/v2\/media?parent=21"}],"curies":[{"name":"wp","href":"https:\/\/api.w.org\/{rel}","templated":true}]}}