{"id":381,"date":"2022-09-10T10:00:20","date_gmt":"2022-09-10T10:00:20","guid":{"rendered":"http:\/\/dco.pl\/lubin\/?page_id=381"},"modified":"2022-09-27T12:52:36","modified_gmt":"2022-09-27T12:52:36","slug":"artroskopia-stawu-kolanowego","status":"publish","type":"page","link":"http:\/\/dco.pl\/lubin\/zabiegi-opracyjne\/artroskopia-stawu-kolanowego\/","title":{"rendered":"Artroskopia stawu kolanowego"},"content":{"rendered":"<p><img loading=\"lazy\" class=\"size-medium wp-image-411 alignleft\" src=\"http:\/\/dco.pl\/lubin\/wp-content\/uploads\/sites\/2\/2022\/09\/kolano_00-e1664283126877-295x300.jpg\" alt=\"\" width=\"295\" height=\"300\" srcset=\"http:\/\/dco.pl\/lubin\/wp-content\/uploads\/sites\/2\/2022\/09\/kolano_00-e1664283126877-295x300.jpg 295w, http:\/\/dco.pl\/lubin\/wp-content\/uploads\/sites\/2\/2022\/09\/kolano_00-e1664283126877.jpg 440w\" sizes=\"(max-width: 295px) 100vw, 295px\" \/>Artroskopia stawu kolanowego to zabieg polegaj\u0105cy na wprowadzeniu poprzez ma\u0142e naci\u0119cie w tym obszarze kamery, dzi\u0119ki kt\u00f3rej mo\u017cliwe jest ocenienie wewn\u0119trznych struktur kolana oraz ich zoperowanie.<\/p>\n<p>Za spraw\u0105 zabiegu mo\u017cemy m.in.:<\/p>\n<p>&#8211; naprawi\u0107 uszkodzenia \u0142\u0105kotek,<br \/>\n&#8211; zniwelowa\u0107 uszkodzenia wi\u0119zade\u0142 krzy\u017cowych \u2013 zespoli\u0107 je przy ostrych uszkodzeniach, wzmocni\u0107 w przypadku niewydolno\u015bci, a w razie potrzeby zrekonstruowa\u0107.<\/p>\n<p>Dodatkowo wykonujemy napraw\u0119 uszkodze\u0144 chrz\u0119stnych, usuwanie wyro\u015bli kostnych oraz zrost\u00f3w wewn\u0105trzstawowych, powoduj\u0105cych b\u00f3l i ograniczenia ruchu.<\/p>\n<p>Chirurgia kolana w naszym Centrum obejmuje r\u00f3wnie\u017c zabiegi naprawcze w zwichni\u0119ciach rzepki i jego nast\u0119pstwach.<\/p>\n<p>Do naszych zada\u0144 nale\u017c\u0105 tak\u017ce osteotomie korekcyjne okolicy kolana, naprawy wi\u0119zade\u0142 pobocznych i kompleksu tylno &#8211; bocznego.<\/p>\n<p>Kolejn\u0105 nasz\u0105 specjalizacj\u0105 s\u0105 zabiegi rewizyjne po wcze\u015bniejszych operacjach, np. po rekonstrukcji wi\u0119zad\u0142a krzy\u017cowego, operacji przeszczepu \u0142\u0105kotki.<\/p>\n<p>Jednak to nie wszystko \u2013 wykonujemy o wiele wi\u0119cej procedur zalecanych naszym pacjentom po wcze\u015bniejszej dok\u0142adnej konsultacji.<\/p>\n","protected":false},"excerpt":{"rendered":"<p>Artroskopia stawu kolanowego to zabieg polegaj\u0105cy na wprowadzeniu poprzez ma\u0142e naci\u0119cie w tym obszarze kamery, dzi\u0119ki kt\u00f3rej mo\u017cliwe jest ocenienie wewn\u0119trznych struktur kolana oraz ich zoperowanie. Za spraw\u0105 zabiegu mo\u017cemy m.in.: &#8211; naprawi\u0107 uszkodzenia \u0142\u0105kotek, &#8211; zniwelowa\u0107 uszkodzenia wi\u0119zade\u0142 krzy\u017cowych \u2013 zespoli\u0107 je przy ostrych uszkodzeniach, wzmocni\u0107 w przypadku niewydolno\u015bci, a w razie potrzeby zrekonstruowa\u0107. [&hellip;]<\/p>\n","protected":false},"author":1,"featured_media":411,"parent":49,"menu_order":1,"comment_status":"closed","ping_status":"closed","template":"page-single-poradnia.php","meta":{"inline_featured_image":false},"acf":[],"yoast_head":"<!-- This site is optimized with the Yoast SEO plugin v20.6 - https:\/\/yoast.com\/wordpress\/plugins\/seo\/ -->\n<title>Artroskopia stawu kolanowego - DCO Lubin<\/title>\n<meta name=\"robots\" content=\"index, follow, max-snippet:-1, max-image-preview:large, max-video-preview:-1\" \/>\n<link rel=\"canonical\" href=\"https:\/\/dco.pl\/lubin\/zabiegi-opracyjne\/artroskopia-stawu-kolanowego\/\" \/>\n<meta property=\"og:locale\" content=\"pl_PL\" \/>\n<meta property=\"og:type\" content=\"article\" \/>\n<meta property=\"og:title\" content=\"Artroskopia stawu kolanowego - DCO Lubin\" \/>\n<meta property=\"og:description\" content=\"Artroskopia stawu kolanowego to zabieg polegaj\u0105cy na wprowadzeniu poprzez ma\u0142e naci\u0119cie w tym obszarze kamery, dzi\u0119ki kt\u00f3rej mo\u017cliwe jest ocenienie wewn\u0119trznych struktur kolana oraz ich zoperowanie. Za spraw\u0105 zabiegu mo\u017cemy m.in.: &#8211; naprawi\u0107 uszkodzenia \u0142\u0105kotek, &#8211; zniwelowa\u0107 uszkodzenia wi\u0119zade\u0142 krzy\u017cowych \u2013 zespoli\u0107 je przy ostrych uszkodzeniach, wzmocni\u0107 w przypadku niewydolno\u015bci, a w razie potrzeby zrekonstruowa\u0107. [&hellip;]\" \/>\n<meta property=\"og:url\" content=\"https:\/\/dco.pl\/lubin\/zabiegi-opracyjne\/artroskopia-stawu-kolanowego\/\" \/>\n<meta property=\"og:site_name\" content=\"DCO Lubin\" \/>\n<meta property=\"article:modified_time\" content=\"2022-09-27T12:52:36+00:00\" \/>\n<meta property=\"og:image\" content=\"https:\/\/dco.pl\/lubin\/wp-content\/uploads\/sites\/2\/2022\/09\/kolano_00-e1664283126877.jpg\" \/>\n\t<meta property=\"og:image:width\" content=\"440\" \/>\n\t<meta property=\"og:image:height\" content=\"447\" \/>\n\t<meta property=\"og:image:type\" content=\"image\/jpeg\" \/>\n<meta name=\"twitter:card\" content=\"summary_large_image\" \/>\n<meta name=\"twitter:label1\" content=\"Szacowany czas czytania\" \/>\n\t<meta name=\"twitter:data1\" content=\"1 minuta\" \/>\n<script type=\"application\/ld+json\" class=\"yoast-schema-graph\">{\"@context\":\"https:\/\/schema.org\",\"@graph\":[{\"@type\":\"WebPage\",\"@id\":\"https:\/\/dco.pl\/lubin\/zabiegi-opracyjne\/artroskopia-stawu-kolanowego\/\",\"url\":\"https:\/\/dco.pl\/lubin\/zabiegi-opracyjne\/artroskopia-stawu-kolanowego\/\",\"name\":\"Artroskopia stawu kolanowego - DCO Lubin\",\"isPartOf\":{\"@id\":\"https:\/\/dco.pl\/lubin\/#website\"},\"datePublished\":\"2022-09-10T10:00:20+00:00\",\"dateModified\":\"2022-09-27T12:52:36+00:00\",\"breadcrumb\":{\"@id\":\"https:\/\/dco.pl\/lubin\/zabiegi-opracyjne\/artroskopia-stawu-kolanowego\/#breadcrumb\"},\"inLanguage\":\"pl-PL\",\"potentialAction\":[{\"@type\":\"ReadAction\",\"target\":[\"https:\/\/dco.pl\/lubin\/zabiegi-opracyjne\/artroskopia-stawu-kolanowego\/\"]}]},{\"@type\":\"BreadcrumbList\",\"@id\":\"https:\/\/dco.pl\/lubin\/zabiegi-opracyjne\/artroskopia-stawu-kolanowego\/#breadcrumb\",\"itemListElement\":[{\"@type\":\"ListItem\",\"position\":1,\"name\":\"Strona g\u0142\u00f3wna\",\"item\":\"https:\/\/dco.pl\/lubin\/\"},{\"@type\":\"ListItem\",\"position\":2,\"name\":\"Zabiegi opracyjne\",\"item\":\"http:\/\/dco.pl\/lubin\/zabiegi-opracyjne\/\"},{\"@type\":\"ListItem\",\"position\":3,\"name\":\"Artroskopia stawu kolanowego\"}]},{\"@type\":\"WebSite\",\"@id\":\"https:\/\/dco.pl\/lubin\/#website\",\"url\":\"https:\/\/dco.pl\/lubin\/\",\"name\":\"DCO Lubin\",\"description\":\"Just another WordPress site\",\"potentialAction\":[{\"@type\":\"SearchAction\",\"target\":{\"@type\":\"EntryPoint\",\"urlTemplate\":\"https:\/\/dco.pl\/lubin\/?s={search_term_string}\"},\"query-input\":\"required name=search_term_string\"}],\"inLanguage\":\"pl-PL\"}]}<\/script>\n<!-- \/ Yoast SEO plugin. -->","yoast_head_json":{"title":"Artroskopia stawu kolanowego - DCO Lubin","robots":{"index":"index","follow":"follow","max-snippet":"max-snippet:-1","max-image-preview":"max-image-preview:large","max-video-preview":"max-video-preview:-1"},"canonical":"https:\/\/dco.pl\/lubin\/zabiegi-opracyjne\/artroskopia-stawu-kolanowego\/","og_locale":"pl_PL","og_type":"article","og_title":"Artroskopia stawu kolanowego - DCO Lubin","og_description":"Artroskopia stawu kolanowego to zabieg polegaj\u0105cy na wprowadzeniu poprzez ma\u0142e naci\u0119cie w tym obszarze kamery, dzi\u0119ki kt\u00f3rej mo\u017cliwe jest ocenienie wewn\u0119trznych struktur kolana oraz ich zoperowanie. Za spraw\u0105 zabiegu mo\u017cemy m.in.: &#8211; naprawi\u0107 uszkodzenia \u0142\u0105kotek, &#8211; zniwelowa\u0107 uszkodzenia wi\u0119zade\u0142 krzy\u017cowych \u2013 zespoli\u0107 je przy ostrych uszkodzeniach, wzmocni\u0107 w przypadku niewydolno\u015bci, a w razie potrzeby zrekonstruowa\u0107. [&hellip;]","og_url":"https:\/\/dco.pl\/lubin\/zabiegi-opracyjne\/artroskopia-stawu-kolanowego\/","og_site_name":"DCO Lubin","article_modified_time":"2022-09-27T12:52:36+00:00","og_image":[{"width":440,"height":447,"url":"https:\/\/dco.pl\/lubin\/wp-content\/uploads\/sites\/2\/2022\/09\/kolano_00-e1664283126877.jpg","type":"image\/jpeg"}],"twitter_card":"summary_large_image","twitter_misc":{"Szacowany czas czytania":"1 minuta"},"schema":{"@context":"https:\/\/schema.org","@graph":[{"@type":"WebPage","@id":"https:\/\/dco.pl\/lubin\/zabiegi-opracyjne\/artroskopia-stawu-kolanowego\/","url":"https:\/\/dco.pl\/lubin\/zabiegi-opracyjne\/artroskopia-stawu-kolanowego\/","name":"Artroskopia stawu kolanowego - DCO Lubin","isPartOf":{"@id":"https:\/\/dco.pl\/lubin\/#website"},"datePublished":"2022-09-10T10:00:20+00:00","dateModified":"2022-09-27T12:52:36+00:00","breadcrumb":{"@id":"https:\/\/dco.pl\/lubin\/zabiegi-opracyjne\/artroskopia-stawu-kolanowego\/#breadcrumb"},"inLanguage":"pl-PL","potentialAction":[{"@type":"ReadAction","target":["https:\/\/dco.pl\/lubin\/zabiegi-opracyjne\/artroskopia-stawu-kolanowego\/"]}]},{"@type":"BreadcrumbList","@id":"https:\/\/dco.pl\/lubin\/zabiegi-opracyjne\/artroskopia-stawu-kolanowego\/#breadcrumb","itemListElement":[{"@type":"ListItem","position":1,"name":"Strona g\u0142\u00f3wna","item":"https:\/\/dco.pl\/lubin\/"},{"@type":"ListItem","position":2,"name":"Zabiegi opracyjne","item":"http:\/\/dco.pl\/lubin\/zabiegi-opracyjne\/"},{"@type":"ListItem","position":3,"name":"Artroskopia stawu kolanowego"}]},{"@type":"WebSite","@id":"https:\/\/dco.pl\/lubin\/#website","url":"https:\/\/dco.pl\/lubin\/","name":"DCO Lubin","description":"Just another WordPress site","potentialAction":[{"@type":"SearchAction","target":{"@type":"EntryPoint","urlTemplate":"https:\/\/dco.pl\/lubin\/?s={search_term_string}"},"query-input":"required name=search_term_string"}],"inLanguage":"pl-PL"}]}},"_links":{"self":[{"href":"http:\/\/dco.pl\/lubin\/wp-json\/wp\/v2\/pages\/381"}],"collection":[{"href":"http:\/\/dco.pl\/lubin\/wp-json\/wp\/v2\/pages"}],"about":[{"href":"http:\/\/dco.pl\/lubin\/wp-json\/wp\/v2\/types\/page"}],"author":[{"embeddable":true,"href":"http:\/\/dco.pl\/lubin\/wp-json\/wp\/v2\/users\/1"}],"replies":[{"embeddable":true,"href":"http:\/\/dco.pl\/lubin\/wp-json\/wp\/v2\/comments?post=381"}],"version-history":[{"count":5,"href":"http:\/\/dco.pl\/lubin\/wp-json\/wp\/v2\/pages\/381\/revisions"}],"predecessor-version":[{"id":417,"href":"http:\/\/dco.pl\/lubin\/wp-json\/wp\/v2\/pages\/381\/revisions\/417"}],"up":[{"embeddable":true,"href":"http:\/\/dco.pl\/lubin\/wp-json\/wp\/v2\/pages\/49"}],"wp:featuredmedia":[{"embeddable":true,"href":"http:\/\/dco.pl\/lubin\/wp-json\/wp\/v2\/media\/411"}],"wp:attachment":[{"href":"http:\/\/dco.pl\/lubin\/wp-json\/wp\/v2\/media?parent=381"}],"curies":[{"name":"wp","href":"https:\/\/api.w.org\/{rel}","templated":true}]}}