{"id":382,"date":"2022-09-10T11:00:25","date_gmt":"2022-09-10T11:00:25","guid":{"rendered":"http:\/\/dco.pl\/lubin\/?page_id=382"},"modified":"2022-09-27T13:10:13","modified_gmt":"2022-09-27T13:10:13","slug":"artroskopia-stawu-ramiennego","status":"publish","type":"page","link":"http:\/\/dco.pl\/lubin\/zabiegi-opracyjne\/artroskopia-stawu-ramiennego\/","title":{"rendered":"Artroskopia stawu ramiennego"},"content":{"rendered":"<p><img loading=\"lazy\" class=\"size-medium wp-image-409 alignleft\" src=\"http:\/\/dco.pl\/lubin\/wp-content\/uploads\/sites\/2\/2022\/09\/bark_00-e1664283265244-294x300.jpg\" alt=\"\" width=\"294\" height=\"300\" srcset=\"http:\/\/dco.pl\/lubin\/wp-content\/uploads\/sites\/2\/2022\/09\/bark_00-e1664283265244-294x300.jpg 294w, http:\/\/dco.pl\/lubin\/wp-content\/uploads\/sites\/2\/2022\/09\/bark_00-e1664283265244.jpg 440w\" sizes=\"(max-width: 294px) 100vw, 294px\" \/><\/p>\n<p>Uszkodzenia wewn\u0105trzstawowe o r\u00f3\u017cnym nasileniu oraz przewlek\u0142e dolegliwo\u015bci b\u00f3lowe stawu ramiennego mog\u0105 nie tylko ogranicza\u0107 funkcje samego stawu, ale nawet ca\u0142ej ko\u0144czyny g\u00f3rnej. Dlatego te\u017c nierzadko wymagaj\u0105 dzia\u0142ania chirurgicznego w postaci m.in. artroskopii stawu ramiennego.<\/p>\n<p>&nbsp;<\/p>\n<p>&nbsp;<\/p>\n<p><strong>Artroskopia stawu ramiennego to zabieg operacyjny, kt\u00f3ry powinien by\u0107 poprzedzony:<\/strong><\/p>\n<p>&#8211; wywiadem z pacjentem,<br \/>\n&#8211; badaniem fizykalnym,<br \/>\n&#8211; badaniami obrazowymi USG, MR (rezonansem magnetycznym), artro MR, kt\u00f3re w po\u0142\u0105czeniu z do\u015bwiadczeniem pozwalaj\u0105 zakwalifikowa\u0107 Pacjenta do tej techniki operacyjnej.<\/p>\n<p>Dzi\u0119ki artroskopii uszkodzenia \u015br\u00f3doperacyjne s\u0105 niewielkie, pozwalaj\u0105 na zminimalizowanie powik\u0142a\u0144 i stosunkowo szybki powr\u00f3t do aktywno\u015bci zawodowej i sportowej. Sam zabieg<br \/>\nPrzez pozosta\u0142e naci\u0119cia wprowadza si\u0119 narz\u0119dzia i implanty, dzi\u0119ki kt\u00f3rym wykonujemy zabiegi naprawcze.<\/p>\n<p><strong>Do najcz\u0119stszych wskaza\u0144 do zabiegu nale\u017c\u0105:<\/strong><\/p>\n<p>&#8211; uszkodzenie \u015bci\u0119gien sto\u017cka rotator\u00f3w,<br \/>\n&#8211; uszkodzenie obr\u0105bka stawowego,<br \/>\n&#8211; niestabilno\u015b\u0107 stawu ramiennego,<br \/>\n&#8211; uszkodzenia SLAP,<br \/>\n&#8211; zapalenie kaletki podbarkowej,<br \/>\n&#8211; niestabilno\u015b\u0107 \u015bci\u0119gna g\u0142owy d\u0142ugiej bicepsa i jego patologie,<br \/>\n&#8211; uszkodzenie stawu barkowo-obojczykowego ACJ,<br \/>\n&#8211; zmiany zwyrodnieniowe stawu barkowo-obojczykowego i \u0142opatkowo-ramiennego.<\/p>\n","protected":false},"excerpt":{"rendered":"<p>Uszkodzenia wewn\u0105trzstawowe o r\u00f3\u017cnym nasileniu oraz przewlek\u0142e dolegliwo\u015bci b\u00f3lowe stawu ramiennego mog\u0105 nie tylko ogranicza\u0107 funkcje samego stawu, ale nawet ca\u0142ej ko\u0144czyny g\u00f3rnej. Dlatego te\u017c nierzadko wymagaj\u0105 dzia\u0142ania chirurgicznego w postaci m.in. artroskopii stawu ramiennego. &nbsp; &nbsp; Artroskopia stawu ramiennego to zabieg operacyjny, kt\u00f3ry powinien by\u0107 poprzedzony: &#8211; wywiadem z pacjentem, &#8211; badaniem fizykalnym, &#8211; [&hellip;]<\/p>\n","protected":false},"author":1,"featured_media":409,"parent":49,"menu_order":2,"comment_status":"closed","ping_status":"closed","template":"page-single-poradnia.php","meta":{"inline_featured_image":false},"acf":[],"yoast_head":"<!-- This site is optimized with the Yoast SEO plugin v20.6 - https:\/\/yoast.com\/wordpress\/plugins\/seo\/ -->\n<title>Artroskopia stawu ramiennego - DCO Lubin<\/title>\n<meta name=\"robots\" content=\"index, follow, max-snippet:-1, max-image-preview:large, max-video-preview:-1\" \/>\n<link rel=\"canonical\" href=\"http:\/\/dco.pl\/lubin\/zabiegi-opracyjne\/artroskopia-stawu-ramiennego\/\" \/>\n<meta property=\"og:locale\" content=\"pl_PL\" \/>\n<meta property=\"og:type\" content=\"article\" \/>\n<meta property=\"og:title\" content=\"Artroskopia stawu ramiennego - DCO Lubin\" \/>\n<meta property=\"og:description\" content=\"Uszkodzenia wewn\u0105trzstawowe o r\u00f3\u017cnym nasileniu oraz przewlek\u0142e dolegliwo\u015bci b\u00f3lowe stawu ramiennego mog\u0105 nie tylko ogranicza\u0107 funkcje samego stawu, ale nawet ca\u0142ej ko\u0144czyny g\u00f3rnej. Dlatego te\u017c nierzadko wymagaj\u0105 dzia\u0142ania chirurgicznego w postaci m.in. artroskopii stawu ramiennego. &nbsp; &nbsp; Artroskopia stawu ramiennego to zabieg operacyjny, kt\u00f3ry powinien by\u0107 poprzedzony: &#8211; wywiadem z pacjentem, &#8211; badaniem fizykalnym, &#8211; [&hellip;]\" \/>\n<meta property=\"og:url\" content=\"http:\/\/dco.pl\/lubin\/zabiegi-opracyjne\/artroskopia-stawu-ramiennego\/\" \/>\n<meta property=\"og:site_name\" content=\"DCO Lubin\" \/>\n<meta property=\"article:modified_time\" content=\"2022-09-27T13:10:13+00:00\" \/>\n<meta property=\"og:image\" content=\"http:\/\/dco.pl\/lubin\/wp-content\/uploads\/sites\/2\/2022\/09\/bark_00-e1664283265244.jpg\" \/>\n\t<meta property=\"og:image:width\" content=\"440\" \/>\n\t<meta property=\"og:image:height\" content=\"449\" \/>\n\t<meta property=\"og:image:type\" content=\"image\/jpeg\" \/>\n<meta name=\"twitter:card\" content=\"summary_large_image\" \/>\n<meta name=\"twitter:label1\" content=\"Szacowany czas czytania\" \/>\n\t<meta name=\"twitter:data1\" content=\"2 minuty\" \/>\n<script type=\"application\/ld+json\" class=\"yoast-schema-graph\">{\"@context\":\"https:\/\/schema.org\",\"@graph\":[{\"@type\":\"WebPage\",\"@id\":\"http:\/\/dco.pl\/lubin\/zabiegi-opracyjne\/artroskopia-stawu-ramiennego\/\",\"url\":\"http:\/\/dco.pl\/lubin\/zabiegi-opracyjne\/artroskopia-stawu-ramiennego\/\",\"name\":\"Artroskopia stawu ramiennego - DCO Lubin\",\"isPartOf\":{\"@id\":\"https:\/\/dco.pl\/lubin\/#website\"},\"datePublished\":\"2022-09-10T11:00:25+00:00\",\"dateModified\":\"2022-09-27T13:10:13+00:00\",\"breadcrumb\":{\"@id\":\"http:\/\/dco.pl\/lubin\/zabiegi-opracyjne\/artroskopia-stawu-ramiennego\/#breadcrumb\"},\"inLanguage\":\"pl-PL\",\"potentialAction\":[{\"@type\":\"ReadAction\",\"target\":[\"http:\/\/dco.pl\/lubin\/zabiegi-opracyjne\/artroskopia-stawu-ramiennego\/\"]}]},{\"@type\":\"BreadcrumbList\",\"@id\":\"http:\/\/dco.pl\/lubin\/zabiegi-opracyjne\/artroskopia-stawu-ramiennego\/#breadcrumb\",\"itemListElement\":[{\"@type\":\"ListItem\",\"position\":1,\"name\":\"Strona g\u0142\u00f3wna\",\"item\":\"https:\/\/dco.pl\/lubin\/\"},{\"@type\":\"ListItem\",\"position\":2,\"name\":\"Zabiegi opracyjne\",\"item\":\"http:\/\/dco.pl\/lubin\/zabiegi-opracyjne\/\"},{\"@type\":\"ListItem\",\"position\":3,\"name\":\"Artroskopia stawu ramiennego\"}]},{\"@type\":\"WebSite\",\"@id\":\"https:\/\/dco.pl\/lubin\/#website\",\"url\":\"https:\/\/dco.pl\/lubin\/\",\"name\":\"DCO Lubin\",\"description\":\"Just another WordPress site\",\"potentialAction\":[{\"@type\":\"SearchAction\",\"target\":{\"@type\":\"EntryPoint\",\"urlTemplate\":\"https:\/\/dco.pl\/lubin\/?s={search_term_string}\"},\"query-input\":\"required name=search_term_string\"}],\"inLanguage\":\"pl-PL\"}]}<\/script>\n<!-- \/ Yoast SEO plugin. -->","yoast_head_json":{"title":"Artroskopia stawu ramiennego - DCO Lubin","robots":{"index":"index","follow":"follow","max-snippet":"max-snippet:-1","max-image-preview":"max-image-preview:large","max-video-preview":"max-video-preview:-1"},"canonical":"http:\/\/dco.pl\/lubin\/zabiegi-opracyjne\/artroskopia-stawu-ramiennego\/","og_locale":"pl_PL","og_type":"article","og_title":"Artroskopia stawu ramiennego - DCO Lubin","og_description":"Uszkodzenia wewn\u0105trzstawowe o r\u00f3\u017cnym nasileniu oraz przewlek\u0142e dolegliwo\u015bci b\u00f3lowe stawu ramiennego mog\u0105 nie tylko ogranicza\u0107 funkcje samego stawu, ale nawet ca\u0142ej ko\u0144czyny g\u00f3rnej. Dlatego te\u017c nierzadko wymagaj\u0105 dzia\u0142ania chirurgicznego w postaci m.in. artroskopii stawu ramiennego. &nbsp; &nbsp; Artroskopia stawu ramiennego to zabieg operacyjny, kt\u00f3ry powinien by\u0107 poprzedzony: &#8211; wywiadem z pacjentem, &#8211; badaniem fizykalnym, &#8211; [&hellip;]","og_url":"http:\/\/dco.pl\/lubin\/zabiegi-opracyjne\/artroskopia-stawu-ramiennego\/","og_site_name":"DCO Lubin","article_modified_time":"2022-09-27T13:10:13+00:00","og_image":[{"width":440,"height":449,"url":"http:\/\/dco.pl\/lubin\/wp-content\/uploads\/sites\/2\/2022\/09\/bark_00-e1664283265244.jpg","type":"image\/jpeg"}],"twitter_card":"summary_large_image","twitter_misc":{"Szacowany czas czytania":"2 minuty"},"schema":{"@context":"https:\/\/schema.org","@graph":[{"@type":"WebPage","@id":"http:\/\/dco.pl\/lubin\/zabiegi-opracyjne\/artroskopia-stawu-ramiennego\/","url":"http:\/\/dco.pl\/lubin\/zabiegi-opracyjne\/artroskopia-stawu-ramiennego\/","name":"Artroskopia stawu ramiennego - DCO Lubin","isPartOf":{"@id":"https:\/\/dco.pl\/lubin\/#website"},"datePublished":"2022-09-10T11:00:25+00:00","dateModified":"2022-09-27T13:10:13+00:00","breadcrumb":{"@id":"http:\/\/dco.pl\/lubin\/zabiegi-opracyjne\/artroskopia-stawu-ramiennego\/#breadcrumb"},"inLanguage":"pl-PL","potentialAction":[{"@type":"ReadAction","target":["http:\/\/dco.pl\/lubin\/zabiegi-opracyjne\/artroskopia-stawu-ramiennego\/"]}]},{"@type":"BreadcrumbList","@id":"http:\/\/dco.pl\/lubin\/zabiegi-opracyjne\/artroskopia-stawu-ramiennego\/#breadcrumb","itemListElement":[{"@type":"ListItem","position":1,"name":"Strona g\u0142\u00f3wna","item":"https:\/\/dco.pl\/lubin\/"},{"@type":"ListItem","position":2,"name":"Zabiegi opracyjne","item":"http:\/\/dco.pl\/lubin\/zabiegi-opracyjne\/"},{"@type":"ListItem","position":3,"name":"Artroskopia stawu ramiennego"}]},{"@type":"WebSite","@id":"https:\/\/dco.pl\/lubin\/#website","url":"https:\/\/dco.pl\/lubin\/","name":"DCO Lubin","description":"Just another WordPress site","potentialAction":[{"@type":"SearchAction","target":{"@type":"EntryPoint","urlTemplate":"https:\/\/dco.pl\/lubin\/?s={search_term_string}"},"query-input":"required name=search_term_string"}],"inLanguage":"pl-PL"}]}},"_links":{"self":[{"href":"http:\/\/dco.pl\/lubin\/wp-json\/wp\/v2\/pages\/382"}],"collection":[{"href":"http:\/\/dco.pl\/lubin\/wp-json\/wp\/v2\/pages"}],"about":[{"href":"http:\/\/dco.pl\/lubin\/wp-json\/wp\/v2\/types\/page"}],"author":[{"embeddable":true,"href":"http:\/\/dco.pl\/lubin\/wp-json\/wp\/v2\/users\/1"}],"replies":[{"embeddable":true,"href":"http:\/\/dco.pl\/lubin\/wp-json\/wp\/v2\/comments?post=382"}],"version-history":[{"count":5,"href":"http:\/\/dco.pl\/lubin\/wp-json\/wp\/v2\/pages\/382\/revisions"}],"predecessor-version":[{"id":419,"href":"http:\/\/dco.pl\/lubin\/wp-json\/wp\/v2\/pages\/382\/revisions\/419"}],"up":[{"embeddable":true,"href":"http:\/\/dco.pl\/lubin\/wp-json\/wp\/v2\/pages\/49"}],"wp:featuredmedia":[{"embeddable":true,"href":"http:\/\/dco.pl\/lubin\/wp-json\/wp\/v2\/media\/409"}],"wp:attachment":[{"href":"http:\/\/dco.pl\/lubin\/wp-json\/wp\/v2\/media?parent=382"}],"curies":[{"name":"wp","href":"https:\/\/api.w.org\/{rel}","templated":true}]}}