{"id":383,"date":"2022-09-10T12:00:06","date_gmt":"2022-09-10T12:00:06","guid":{"rendered":"http:\/\/dco.pl\/lubin\/?page_id=383"},"modified":"2022-09-27T13:00:40","modified_gmt":"2022-09-27T13:00:40","slug":"artroskopia-stawu-skokowego-i-rekonstrukcja-atfl","status":"publish","type":"page","link":"http:\/\/dco.pl\/lubin\/zabiegi-opracyjne\/artroskopia-stawu-skokowego-i-rekonstrukcja-atfl\/","title":{"rendered":"Artroskopia stawu skokowego i rekonstrukcja ATFL"},"content":{"rendered":"<p><img loading=\"lazy\" class=\"size-medium wp-image-413 alignleft\" src=\"http:\/\/dco.pl\/lubin\/wp-content\/uploads\/sites\/2\/2022\/09\/skokowy_00-246x300.jpg\" alt=\"\" width=\"246\" height=\"300\" srcset=\"http:\/\/dco.pl\/lubin\/wp-content\/uploads\/sites\/2\/2022\/09\/skokowy_00-246x300.jpg 246w, http:\/\/dco.pl\/lubin\/wp-content\/uploads\/sites\/2\/2022\/09\/skokowy_00-841x1024.jpg 841w, http:\/\/dco.pl\/lubin\/wp-content\/uploads\/sites\/2\/2022\/09\/skokowy_00-768x935.jpg 768w, http:\/\/dco.pl\/lubin\/wp-content\/uploads\/sites\/2\/2022\/09\/skokowy_00-1262x1536.jpg 1262w, http:\/\/dco.pl\/lubin\/wp-content\/uploads\/sites\/2\/2022\/09\/skokowy_00-1683x2048.jpg 1683w, http:\/\/dco.pl\/lubin\/wp-content\/uploads\/sites\/2\/2022\/09\/skokowy_00.jpg 1856w\" sizes=\"(max-width: 246px) 100vw, 246px\" \/>Skr\u0119cenie stawu skokowego jest jednym z najcz\u0119stszych uraz\u00f3w z jakimi spotykamy si\u0119 w gabinetach ortopedycznych. W zale\u017cno\u015bci od si\u0142y i mechanizmu urazu mo\u017ce doj\u015b\u0107 do wielu nieprawid\u0142owo\u015bci.<\/p>\n<p><strong>Nale\u017c\u0105 do nich m.in.:<\/strong><\/p>\n<p>&#8211; z\u0142amania,<br \/>\n&#8211; uszkodzenia wi\u0119zade\u0142 z niestabilno\u015bci\u0105 stawu,<br \/>\n&#8211; uszkodzenia chrz\u0119stne,<br \/>\n&#8211; patologie \u015bci\u0119gien.<\/p>\n<p>Ka\u017cde z tych nast\u0119pstw urazu wymaga innej procedury. Cz\u0119\u015b\u0107 z nich mo\u017cna leczy\u0107 zachowawczo, jednak bardzo cz\u0119sto wymagana jest interwencja chirurgiczna.<\/p>\n<p>W ostatnim czasie zauwa\u017camy znaczny rozw\u00f3j chirurgii ma\u0142oinwazyjnej. Nasz zesp\u00f3\u0142 skupia si\u0119 przede wszystkim na technice artroskopii i chirurgii stawu skokowo, co pozwala na zmniejszenie urazu operacyjnego i mo\u017cliwych powik\u0142a\u0144.<\/p>\n<p>Najnowsze implanty umo\u017cliwiaj\u0105 zespolenie z\u0142amania ko\u015bci stopy i stawu skokowego w spos\u00f3b najbardziej oddaj\u0105cy warunki anatomiczne, co daje szans\u0119 na pe\u0142ny powr\u00f3t do zdrowia i sprawno\u015bci sportowej.<\/p>\n<p>Uszkodzenia wewn\u0105trz stawu skokowego wymagaj\u0105 oceny z u\u017cyciem techniki artroskopii, kt\u00f3ra w zale\u017cno\u015bci od miejsca zmiany lub uszkodzenia daje nam dost\u0119p do ka\u017cdej strony stawu.<\/p>\n<p>Dzi\u0119ki tej metodzie jeste\u015bmy w stanie przez przys\u0142owiow\u0105 \u201edziurk\u0119 od klucza\u201d przeanalizowa\u0107, a nast\u0119pnie usun\u0105\u0107 m.in.:<\/p>\n<p>&#8211; cia\u0142a wolne,<br \/>\n&#8211; fragmenty uszkodzonych wi\u0119zade\u0142,<br \/>\n&#8211; przero\u015bni\u0119t\u0105 b\u0142on\u0119 maziow\u0105 w przypadku wysi\u0119k\u00f3w, gangliony,<br \/>\n&#8211; wyro\u015bla kostne ograniczaj\u0105ce ruchomo\u015b\u0107, konfliktuj\u0105ce si\u0119 z innymi strukturami.<\/p>\n<p>Przy uszkodzeniach chrz\u0105stki oceniamy uraz i przygotowujemy miejsce ubytku celem pokrycia go membran\u0105. Bardzo cz\u0119sto \u015br\u00f3doperacyjnie u\u017cywamy kom\u00f3rek macierzystych lub linii kom\u00f3rek chrz\u0119stnych.<\/p>\n<p>W przypadku niestabilno\u015bci stawu lub urazowego uszkodzenia wi\u0119zade\u0142 w ostrych stanach zespalamy ich struktury. Gdy uraz powsta\u0142 du\u017co wcze\u015bniej, jest rozleg\u0142y lub dochodzi do przewlek\u0142ej niestabilno\u015bci, konieczna jest rekonstrukcja wi\u0119zade\u0142. Rekonstrukcja wi\u0119zade\u0142 stawu skokowego wykonywana jest przez naszych specjalist\u00f3w w technice INSERT. To anatomiczna forma odtwarzania tych struktur, co pozwala uzyska\u0107 bardzo dobre efekty funkcjonalne.<\/p>\n","protected":false},"excerpt":{"rendered":"<p>Skr\u0119cenie stawu skokowego jest jednym z najcz\u0119stszych uraz\u00f3w z jakimi spotykamy si\u0119 w gabinetach ortopedycznych. W zale\u017cno\u015bci od si\u0142y i mechanizmu urazu mo\u017ce doj\u015b\u0107 do wielu nieprawid\u0142owo\u015bci. Nale\u017c\u0105 do nich m.in.: &#8211; z\u0142amania, &#8211; uszkodzenia wi\u0119zade\u0142 z niestabilno\u015bci\u0105 stawu, &#8211; uszkodzenia chrz\u0119stne, &#8211; patologie \u015bci\u0119gien. Ka\u017cde z tych nast\u0119pstw urazu wymaga innej procedury. Cz\u0119\u015b\u0107 z [&hellip;]<\/p>\n","protected":false},"author":1,"featured_media":421,"parent":49,"menu_order":3,"comment_status":"closed","ping_status":"closed","template":"page-single-poradnia.php","meta":{"inline_featured_image":false},"acf":[],"yoast_head":"<!-- This site is optimized with the Yoast SEO plugin v20.6 - https:\/\/yoast.com\/wordpress\/plugins\/seo\/ -->\n<title>Artroskopia stawu skokowego i rekonstrukcja ATFL - DCO Lubin<\/title>\n<meta name=\"robots\" content=\"index, follow, max-snippet:-1, max-image-preview:large, max-video-preview:-1\" \/>\n<link rel=\"canonical\" href=\"https:\/\/dco.pl\/lubin\/zabiegi-opracyjne\/artroskopia-stawu-skokowego-i-rekonstrukcja-atfl\/\" \/>\n<meta property=\"og:locale\" content=\"pl_PL\" \/>\n<meta property=\"og:type\" content=\"article\" \/>\n<meta property=\"og:title\" content=\"Artroskopia stawu skokowego i rekonstrukcja ATFL - DCO Lubin\" \/>\n<meta property=\"og:description\" content=\"Skr\u0119cenie stawu skokowego jest jednym z najcz\u0119stszych uraz\u00f3w z jakimi spotykamy si\u0119 w gabinetach ortopedycznych. W zale\u017cno\u015bci od si\u0142y i mechanizmu urazu mo\u017ce doj\u015b\u0107 do wielu nieprawid\u0142owo\u015bci. Nale\u017c\u0105 do nich m.in.: &#8211; z\u0142amania, &#8211; uszkodzenia wi\u0119zade\u0142 z niestabilno\u015bci\u0105 stawu, &#8211; uszkodzenia chrz\u0119stne, &#8211; patologie \u015bci\u0119gien. Ka\u017cde z tych nast\u0119pstw urazu wymaga innej procedury. Cz\u0119\u015b\u0107 z [&hellip;]\" \/>\n<meta property=\"og:url\" content=\"https:\/\/dco.pl\/lubin\/zabiegi-opracyjne\/artroskopia-stawu-skokowego-i-rekonstrukcja-atfl\/\" \/>\n<meta property=\"og:site_name\" content=\"DCO Lubin\" \/>\n<meta property=\"article:modified_time\" content=\"2022-09-27T13:00:40+00:00\" \/>\n<meta property=\"og:image\" content=\"https:\/\/dco.pl\/lubin\/wp-content\/uploads\/sites\/2\/2022\/09\/skokowy_00a1.jpg\" \/>\n\t<meta property=\"og:image:width\" content=\"1779\" \/>\n\t<meta property=\"og:image:height\" content=\"1576\" \/>\n\t<meta property=\"og:image:type\" content=\"image\/jpeg\" \/>\n<meta name=\"twitter:card\" content=\"summary_large_image\" \/>\n<meta name=\"twitter:label1\" content=\"Szacowany czas czytania\" \/>\n\t<meta name=\"twitter:data1\" content=\"2 minuty\" \/>\n<script type=\"application\/ld+json\" class=\"yoast-schema-graph\">{\"@context\":\"https:\/\/schema.org\",\"@graph\":[{\"@type\":\"WebPage\",\"@id\":\"https:\/\/dco.pl\/lubin\/zabiegi-opracyjne\/artroskopia-stawu-skokowego-i-rekonstrukcja-atfl\/\",\"url\":\"https:\/\/dco.pl\/lubin\/zabiegi-opracyjne\/artroskopia-stawu-skokowego-i-rekonstrukcja-atfl\/\",\"name\":\"Artroskopia stawu skokowego i rekonstrukcja ATFL - DCO Lubin\",\"isPartOf\":{\"@id\":\"https:\/\/dco.pl\/lubin\/#website\"},\"datePublished\":\"2022-09-10T12:00:06+00:00\",\"dateModified\":\"2022-09-27T13:00:40+00:00\",\"breadcrumb\":{\"@id\":\"https:\/\/dco.pl\/lubin\/zabiegi-opracyjne\/artroskopia-stawu-skokowego-i-rekonstrukcja-atfl\/#breadcrumb\"},\"inLanguage\":\"pl-PL\",\"potentialAction\":[{\"@type\":\"ReadAction\",\"target\":[\"https:\/\/dco.pl\/lubin\/zabiegi-opracyjne\/artroskopia-stawu-skokowego-i-rekonstrukcja-atfl\/\"]}]},{\"@type\":\"BreadcrumbList\",\"@id\":\"https:\/\/dco.pl\/lubin\/zabiegi-opracyjne\/artroskopia-stawu-skokowego-i-rekonstrukcja-atfl\/#breadcrumb\",\"itemListElement\":[{\"@type\":\"ListItem\",\"position\":1,\"name\":\"Strona g\u0142\u00f3wna\",\"item\":\"https:\/\/dco.pl\/lubin\/\"},{\"@type\":\"ListItem\",\"position\":2,\"name\":\"Zabiegi opracyjne\",\"item\":\"http:\/\/dco.pl\/lubin\/zabiegi-opracyjne\/\"},{\"@type\":\"ListItem\",\"position\":3,\"name\":\"Artroskopia stawu skokowego i rekonstrukcja ATFL\"}]},{\"@type\":\"WebSite\",\"@id\":\"https:\/\/dco.pl\/lubin\/#website\",\"url\":\"https:\/\/dco.pl\/lubin\/\",\"name\":\"DCO Lubin\",\"description\":\"Just another WordPress site\",\"potentialAction\":[{\"@type\":\"SearchAction\",\"target\":{\"@type\":\"EntryPoint\",\"urlTemplate\":\"https:\/\/dco.pl\/lubin\/?s={search_term_string}\"},\"query-input\":\"required name=search_term_string\"}],\"inLanguage\":\"pl-PL\"}]}<\/script>\n<!-- \/ Yoast SEO plugin. -->","yoast_head_json":{"title":"Artroskopia stawu skokowego i rekonstrukcja ATFL - DCO Lubin","robots":{"index":"index","follow":"follow","max-snippet":"max-snippet:-1","max-image-preview":"max-image-preview:large","max-video-preview":"max-video-preview:-1"},"canonical":"https:\/\/dco.pl\/lubin\/zabiegi-opracyjne\/artroskopia-stawu-skokowego-i-rekonstrukcja-atfl\/","og_locale":"pl_PL","og_type":"article","og_title":"Artroskopia stawu skokowego i rekonstrukcja ATFL - DCO Lubin","og_description":"Skr\u0119cenie stawu skokowego jest jednym z najcz\u0119stszych uraz\u00f3w z jakimi spotykamy si\u0119 w gabinetach ortopedycznych. W zale\u017cno\u015bci od si\u0142y i mechanizmu urazu mo\u017ce doj\u015b\u0107 do wielu nieprawid\u0142owo\u015bci. Nale\u017c\u0105 do nich m.in.: &#8211; z\u0142amania, &#8211; uszkodzenia wi\u0119zade\u0142 z niestabilno\u015bci\u0105 stawu, &#8211; uszkodzenia chrz\u0119stne, &#8211; patologie \u015bci\u0119gien. Ka\u017cde z tych nast\u0119pstw urazu wymaga innej procedury. Cz\u0119\u015b\u0107 z [&hellip;]","og_url":"https:\/\/dco.pl\/lubin\/zabiegi-opracyjne\/artroskopia-stawu-skokowego-i-rekonstrukcja-atfl\/","og_site_name":"DCO Lubin","article_modified_time":"2022-09-27T13:00:40+00:00","og_image":[{"width":1779,"height":1576,"url":"https:\/\/dco.pl\/lubin\/wp-content\/uploads\/sites\/2\/2022\/09\/skokowy_00a1.jpg","type":"image\/jpeg"}],"twitter_card":"summary_large_image","twitter_misc":{"Szacowany czas czytania":"2 minuty"},"schema":{"@context":"https:\/\/schema.org","@graph":[{"@type":"WebPage","@id":"https:\/\/dco.pl\/lubin\/zabiegi-opracyjne\/artroskopia-stawu-skokowego-i-rekonstrukcja-atfl\/","url":"https:\/\/dco.pl\/lubin\/zabiegi-opracyjne\/artroskopia-stawu-skokowego-i-rekonstrukcja-atfl\/","name":"Artroskopia stawu skokowego i rekonstrukcja ATFL - DCO Lubin","isPartOf":{"@id":"https:\/\/dco.pl\/lubin\/#website"},"datePublished":"2022-09-10T12:00:06+00:00","dateModified":"2022-09-27T13:00:40+00:00","breadcrumb":{"@id":"https:\/\/dco.pl\/lubin\/zabiegi-opracyjne\/artroskopia-stawu-skokowego-i-rekonstrukcja-atfl\/#breadcrumb"},"inLanguage":"pl-PL","potentialAction":[{"@type":"ReadAction","target":["https:\/\/dco.pl\/lubin\/zabiegi-opracyjne\/artroskopia-stawu-skokowego-i-rekonstrukcja-atfl\/"]}]},{"@type":"BreadcrumbList","@id":"https:\/\/dco.pl\/lubin\/zabiegi-opracyjne\/artroskopia-stawu-skokowego-i-rekonstrukcja-atfl\/#breadcrumb","itemListElement":[{"@type":"ListItem","position":1,"name":"Strona g\u0142\u00f3wna","item":"https:\/\/dco.pl\/lubin\/"},{"@type":"ListItem","position":2,"name":"Zabiegi opracyjne","item":"http:\/\/dco.pl\/lubin\/zabiegi-opracyjne\/"},{"@type":"ListItem","position":3,"name":"Artroskopia stawu skokowego i rekonstrukcja ATFL"}]},{"@type":"WebSite","@id":"https:\/\/dco.pl\/lubin\/#website","url":"https:\/\/dco.pl\/lubin\/","name":"DCO Lubin","description":"Just another WordPress site","potentialAction":[{"@type":"SearchAction","target":{"@type":"EntryPoint","urlTemplate":"https:\/\/dco.pl\/lubin\/?s={search_term_string}"},"query-input":"required name=search_term_string"}],"inLanguage":"pl-PL"}]}},"_links":{"self":[{"href":"http:\/\/dco.pl\/lubin\/wp-json\/wp\/v2\/pages\/383"}],"collection":[{"href":"http:\/\/dco.pl\/lubin\/wp-json\/wp\/v2\/pages"}],"about":[{"href":"http:\/\/dco.pl\/lubin\/wp-json\/wp\/v2\/types\/page"}],"author":[{"embeddable":true,"href":"http:\/\/dco.pl\/lubin\/wp-json\/wp\/v2\/users\/1"}],"replies":[{"embeddable":true,"href":"http:\/\/dco.pl\/lubin\/wp-json\/wp\/v2\/comments?post=383"}],"version-history":[{"count":5,"href":"http:\/\/dco.pl\/lubin\/wp-json\/wp\/v2\/pages\/383\/revisions"}],"predecessor-version":[{"id":423,"href":"http:\/\/dco.pl\/lubin\/wp-json\/wp\/v2\/pages\/383\/revisions\/423"}],"up":[{"embeddable":true,"href":"http:\/\/dco.pl\/lubin\/wp-json\/wp\/v2\/pages\/49"}],"wp:featuredmedia":[{"embeddable":true,"href":"http:\/\/dco.pl\/lubin\/wp-json\/wp\/v2\/media\/421"}],"wp:attachment":[{"href":"http:\/\/dco.pl\/lubin\/wp-json\/wp\/v2\/media?parent=383"}],"curies":[{"name":"wp","href":"https:\/\/api.w.org\/{rel}","templated":true}]}}