{"id":384,"date":"2022-09-10T14:00:29","date_gmt":"2022-09-10T14:00:29","guid":{"rendered":"http:\/\/dco.pl\/lubin\/?page_id=384"},"modified":"2022-09-27T13:02:56","modified_gmt":"2022-09-27T13:02:56","slug":"chirurgia-sciegna-achillesa","status":"publish","type":"page","link":"http:\/\/dco.pl\/lubin\/zabiegi-opracyjne\/chirurgia-sciegna-achillesa\/","title":{"rendered":"Chirurgia \u015bci\u0119gna Achillesa"},"content":{"rendered":"<p><img loading=\"lazy\" class=\"size-medium wp-image-408 alignleft\" src=\"http:\/\/dco.pl\/lubin\/wp-content\/uploads\/sites\/2\/2022\/09\/achilles_01-e1664283744748-212x300.jpg\" alt=\"\" width=\"212\" height=\"300\" srcset=\"http:\/\/dco.pl\/lubin\/wp-content\/uploads\/sites\/2\/2022\/09\/achilles_01-e1664283744748-212x300.jpg 212w, http:\/\/dco.pl\/lubin\/wp-content\/uploads\/sites\/2\/2022\/09\/achilles_01-e1664283744748.jpg 440w\" sizes=\"(max-width: 212px) 100vw, 212px\" \/>Achilles jest najwi\u0119kszym i najmocniejszym \u015bci\u0119gnem w ciele cz\u0142owieka, potrafi przenie\u015b\u0107 obci\u0105\u017cenie w trakcie dynamicznego biegu dochodz\u0105ce do 9000N. Jego struktura sk\u0142ada si\u0119 w 98% masy z kolagenu i 2% to kom\u00f3rki. Najcz\u0119stsz\u0105 patologi\u0105 u dzieci jest przykurcz, kt\u00f3ry w wi\u0119kszo\u015b\u0107 poddaje si\u0119 rehabilitacji, w wyj\u0105tkowych przypadkach wymaga chirurgicznego wyd\u0142u\u017cenia. Koszt od 5000z\u0142<\/p>\n<p>U m\u0142odych doros\u0142ych jest to uszkodzenie \u015bci\u0119gna, z\u0142otym standardem jest chirurgiczne zespolenie, obecnie dominuje technika ma\u0142oinwazyjna, pozwalaj\u0105ca na zespolenie przez niewielkie naci\u0119cie.<\/p>\n<p>&nbsp;<\/p>\n<p>W przypadku zastarza\u0142ych uszkodze\u0144 konieczne jest wykonanie rekonstrukcji Achillesa, do tego wykorzystujemy \u015bci\u0119gno mi\u0119\u015bnia podeszwowego lub p\u00f3\u0142\u015bci\u0119gnistego.<\/p>\n<p>W starszym wieku mamy do czynienia ze zmianami zwyrodnieniowymi \u015bci\u0119gna i deformacj\u0105 \u201ezakotwiczenia\u201d do ko\u015bci pi\u0119towej. W\u00f3wczas w przypadku braku poprawy po leczeniu zachowawczym kwalifikujemy pacjenta do leczenia operacyjnego.<\/p>\n<p>Zabieg polega na resekcji zmian wyro\u015bli kostnych pi\u0119ty i zmiany miejsca przyczepu \u015bci\u0119gna. Do tego u\u017cywamy zestawu implant\u00f3w biodegradowalnych.<\/p>\n","protected":false},"excerpt":{"rendered":"<p>Achilles jest najwi\u0119kszym i najmocniejszym \u015bci\u0119gnem w ciele cz\u0142owieka, potrafi przenie\u015b\u0107 obci\u0105\u017cenie w trakcie dynamicznego biegu dochodz\u0105ce do 9000N. Jego struktura sk\u0142ada si\u0119 w 98% masy z kolagenu i 2% to kom\u00f3rki. Najcz\u0119stsz\u0105 patologi\u0105 u dzieci jest przykurcz, kt\u00f3ry w wi\u0119kszo\u015b\u0107 poddaje si\u0119 rehabilitacji, w wyj\u0105tkowych przypadkach wymaga chirurgicznego wyd\u0142u\u017cenia. Koszt od 5000z\u0142 U m\u0142odych [&hellip;]<\/p>\n","protected":false},"author":1,"featured_media":414,"parent":49,"menu_order":5,"comment_status":"closed","ping_status":"closed","template":"page-single-poradnia.php","meta":{"inline_featured_image":false},"acf":[],"yoast_head":"<!-- This site is optimized with the Yoast SEO plugin v20.6 - https:\/\/yoast.com\/wordpress\/plugins\/seo\/ -->\n<title>Chirurgia \u015bci\u0119gna Achillesa - DCO Lubin<\/title>\n<meta name=\"robots\" content=\"index, follow, max-snippet:-1, max-image-preview:large, max-video-preview:-1\" \/>\n<link rel=\"canonical\" href=\"http:\/\/dco.pl\/lubin\/zabiegi-opracyjne\/chirurgia-sciegna-achillesa\/\" \/>\n<meta property=\"og:locale\" content=\"pl_PL\" \/>\n<meta property=\"og:type\" content=\"article\" \/>\n<meta property=\"og:title\" content=\"Chirurgia \u015bci\u0119gna Achillesa - DCO Lubin\" \/>\n<meta property=\"og:description\" content=\"Achilles jest najwi\u0119kszym i najmocniejszym \u015bci\u0119gnem w ciele cz\u0142owieka, potrafi przenie\u015b\u0107 obci\u0105\u017cenie w trakcie dynamicznego biegu dochodz\u0105ce do 9000N. Jego struktura sk\u0142ada si\u0119 w 98% masy z kolagenu i 2% to kom\u00f3rki. Najcz\u0119stsz\u0105 patologi\u0105 u dzieci jest przykurcz, kt\u00f3ry w wi\u0119kszo\u015b\u0107 poddaje si\u0119 rehabilitacji, w wyj\u0105tkowych przypadkach wymaga chirurgicznego wyd\u0142u\u017cenia. Koszt od 5000z\u0142 U m\u0142odych [&hellip;]\" \/>\n<meta property=\"og:url\" content=\"http:\/\/dco.pl\/lubin\/zabiegi-opracyjne\/chirurgia-sciegna-achillesa\/\" \/>\n<meta property=\"og:site_name\" content=\"DCO Lubin\" \/>\n<meta property=\"article:modified_time\" content=\"2022-09-27T13:02:56+00:00\" \/>\n<meta property=\"og:image\" content=\"http:\/\/dco.pl\/lubin\/wp-content\/uploads\/sites\/2\/2022\/09\/achilles_012.jpg\" \/>\n\t<meta property=\"og:image:width\" content=\"1721\" \/>\n\t<meta property=\"og:image:height\" content=\"1944\" \/>\n\t<meta property=\"og:image:type\" content=\"image\/jpeg\" \/>\n<meta name=\"twitter:card\" content=\"summary_large_image\" \/>\n<meta name=\"twitter:label1\" content=\"Szacowany czas czytania\" \/>\n\t<meta name=\"twitter:data1\" content=\"2 minuty\" \/>\n<script type=\"application\/ld+json\" class=\"yoast-schema-graph\">{\"@context\":\"https:\/\/schema.org\",\"@graph\":[{\"@type\":\"WebPage\",\"@id\":\"http:\/\/dco.pl\/lubin\/zabiegi-opracyjne\/chirurgia-sciegna-achillesa\/\",\"url\":\"http:\/\/dco.pl\/lubin\/zabiegi-opracyjne\/chirurgia-sciegna-achillesa\/\",\"name\":\"Chirurgia \u015bci\u0119gna Achillesa - DCO Lubin\",\"isPartOf\":{\"@id\":\"http:\/\/dco.pl\/lubin\/#website\"},\"datePublished\":\"2022-09-10T14:00:29+00:00\",\"dateModified\":\"2022-09-27T13:02:56+00:00\",\"breadcrumb\":{\"@id\":\"http:\/\/dco.pl\/lubin\/zabiegi-opracyjne\/chirurgia-sciegna-achillesa\/#breadcrumb\"},\"inLanguage\":\"pl-PL\",\"potentialAction\":[{\"@type\":\"ReadAction\",\"target\":[\"http:\/\/dco.pl\/lubin\/zabiegi-opracyjne\/chirurgia-sciegna-achillesa\/\"]}]},{\"@type\":\"BreadcrumbList\",\"@id\":\"http:\/\/dco.pl\/lubin\/zabiegi-opracyjne\/chirurgia-sciegna-achillesa\/#breadcrumb\",\"itemListElement\":[{\"@type\":\"ListItem\",\"position\":1,\"name\":\"Strona g\u0142\u00f3wna\",\"item\":\"http:\/\/dco.pl\/lubin\/\"},{\"@type\":\"ListItem\",\"position\":2,\"name\":\"Zabiegi opracyjne\",\"item\":\"http:\/\/dco.pl\/lubin\/zabiegi-opracyjne\/\"},{\"@type\":\"ListItem\",\"position\":3,\"name\":\"Chirurgia \u015bci\u0119gna Achillesa\"}]},{\"@type\":\"WebSite\",\"@id\":\"http:\/\/dco.pl\/lubin\/#website\",\"url\":\"http:\/\/dco.pl\/lubin\/\",\"name\":\"DCO Lubin\",\"description\":\"Just another WordPress site\",\"potentialAction\":[{\"@type\":\"SearchAction\",\"target\":{\"@type\":\"EntryPoint\",\"urlTemplate\":\"http:\/\/dco.pl\/lubin\/?s={search_term_string}\"},\"query-input\":\"required name=search_term_string\"}],\"inLanguage\":\"pl-PL\"}]}<\/script>\n<!-- \/ Yoast SEO plugin. -->","yoast_head_json":{"title":"Chirurgia \u015bci\u0119gna Achillesa - DCO Lubin","robots":{"index":"index","follow":"follow","max-snippet":"max-snippet:-1","max-image-preview":"max-image-preview:large","max-video-preview":"max-video-preview:-1"},"canonical":"http:\/\/dco.pl\/lubin\/zabiegi-opracyjne\/chirurgia-sciegna-achillesa\/","og_locale":"pl_PL","og_type":"article","og_title":"Chirurgia \u015bci\u0119gna Achillesa - DCO Lubin","og_description":"Achilles jest najwi\u0119kszym i najmocniejszym \u015bci\u0119gnem w ciele cz\u0142owieka, potrafi przenie\u015b\u0107 obci\u0105\u017cenie w trakcie dynamicznego biegu dochodz\u0105ce do 9000N. Jego struktura sk\u0142ada si\u0119 w 98% masy z kolagenu i 2% to kom\u00f3rki. Najcz\u0119stsz\u0105 patologi\u0105 u dzieci jest przykurcz, kt\u00f3ry w wi\u0119kszo\u015b\u0107 poddaje si\u0119 rehabilitacji, w wyj\u0105tkowych przypadkach wymaga chirurgicznego wyd\u0142u\u017cenia. Koszt od 5000z\u0142 U m\u0142odych [&hellip;]","og_url":"http:\/\/dco.pl\/lubin\/zabiegi-opracyjne\/chirurgia-sciegna-achillesa\/","og_site_name":"DCO Lubin","article_modified_time":"2022-09-27T13:02:56+00:00","og_image":[{"width":1721,"height":1944,"url":"http:\/\/dco.pl\/lubin\/wp-content\/uploads\/sites\/2\/2022\/09\/achilles_012.jpg","type":"image\/jpeg"}],"twitter_card":"summary_large_image","twitter_misc":{"Szacowany czas czytania":"2 minuty"},"schema":{"@context":"https:\/\/schema.org","@graph":[{"@type":"WebPage","@id":"http:\/\/dco.pl\/lubin\/zabiegi-opracyjne\/chirurgia-sciegna-achillesa\/","url":"http:\/\/dco.pl\/lubin\/zabiegi-opracyjne\/chirurgia-sciegna-achillesa\/","name":"Chirurgia \u015bci\u0119gna Achillesa - DCO Lubin","isPartOf":{"@id":"http:\/\/dco.pl\/lubin\/#website"},"datePublished":"2022-09-10T14:00:29+00:00","dateModified":"2022-09-27T13:02:56+00:00","breadcrumb":{"@id":"http:\/\/dco.pl\/lubin\/zabiegi-opracyjne\/chirurgia-sciegna-achillesa\/#breadcrumb"},"inLanguage":"pl-PL","potentialAction":[{"@type":"ReadAction","target":["http:\/\/dco.pl\/lubin\/zabiegi-opracyjne\/chirurgia-sciegna-achillesa\/"]}]},{"@type":"BreadcrumbList","@id":"http:\/\/dco.pl\/lubin\/zabiegi-opracyjne\/chirurgia-sciegna-achillesa\/#breadcrumb","itemListElement":[{"@type":"ListItem","position":1,"name":"Strona g\u0142\u00f3wna","item":"http:\/\/dco.pl\/lubin\/"},{"@type":"ListItem","position":2,"name":"Zabiegi opracyjne","item":"http:\/\/dco.pl\/lubin\/zabiegi-opracyjne\/"},{"@type":"ListItem","position":3,"name":"Chirurgia \u015bci\u0119gna Achillesa"}]},{"@type":"WebSite","@id":"http:\/\/dco.pl\/lubin\/#website","url":"http:\/\/dco.pl\/lubin\/","name":"DCO Lubin","description":"Just another WordPress site","potentialAction":[{"@type":"SearchAction","target":{"@type":"EntryPoint","urlTemplate":"http:\/\/dco.pl\/lubin\/?s={search_term_string}"},"query-input":"required name=search_term_string"}],"inLanguage":"pl-PL"}]}},"_links":{"self":[{"href":"http:\/\/dco.pl\/lubin\/wp-json\/wp\/v2\/pages\/384"}],"collection":[{"href":"http:\/\/dco.pl\/lubin\/wp-json\/wp\/v2\/pages"}],"about":[{"href":"http:\/\/dco.pl\/lubin\/wp-json\/wp\/v2\/types\/page"}],"author":[{"embeddable":true,"href":"http:\/\/dco.pl\/lubin\/wp-json\/wp\/v2\/users\/1"}],"replies":[{"embeddable":true,"href":"http:\/\/dco.pl\/lubin\/wp-json\/wp\/v2\/comments?post=384"}],"version-history":[{"count":4,"href":"http:\/\/dco.pl\/lubin\/wp-json\/wp\/v2\/pages\/384\/revisions"}],"predecessor-version":[{"id":425,"href":"http:\/\/dco.pl\/lubin\/wp-json\/wp\/v2\/pages\/384\/revisions\/425"}],"up":[{"embeddable":true,"href":"http:\/\/dco.pl\/lubin\/wp-json\/wp\/v2\/pages\/49"}],"wp:featuredmedia":[{"embeddable":true,"href":"http:\/\/dco.pl\/lubin\/wp-json\/wp\/v2\/media\/414"}],"wp:attachment":[{"href":"http:\/\/dco.pl\/lubin\/wp-json\/wp\/v2\/media?parent=384"}],"curies":[{"name":"wp","href":"https:\/\/api.w.org\/{rel}","templated":true}]}}