{"id":385,"date":"2022-09-10T13:00:01","date_gmt":"2022-09-10T13:00:01","guid":{"rendered":"http:\/\/dco.pl\/lubin\/?page_id=385"},"modified":"2022-09-27T13:05:21","modified_gmt":"2022-09-27T13:05:21","slug":"korekcja-palucha-koslawego-hallux","status":"publish","type":"page","link":"http:\/\/dco.pl\/lubin\/zabiegi-opracyjne\/korekcja-palucha-koslawego-hallux\/","title":{"rendered":"Korekcja palucha ko\u015blawego- hallux"},"content":{"rendered":"<p style=\"font-weight: 400;\"><img loading=\"lazy\" class=\"size-medium wp-image-415 alignleft\" src=\"http:\/\/dco.pl\/lubin\/wp-content\/uploads\/sites\/2\/2022\/09\/haluks_0123123-e1664283843649-300x286.jpg\" alt=\"\" width=\"300\" height=\"286\" srcset=\"http:\/\/dco.pl\/lubin\/wp-content\/uploads\/sites\/2\/2022\/09\/haluks_0123123-e1664283843649-300x286.jpg 300w, http:\/\/dco.pl\/lubin\/wp-content\/uploads\/sites\/2\/2022\/09\/haluks_0123123-e1664283843649.jpg 440w\" sizes=\"(max-width: 300px) 100vw, 300px\" \/>Stopy s\u0105 naszym fundamentem, zapewniaj\u0105 nam mo\u017cliwo\u015b\u0107 przemieszczania si\u0119 i stania. Postawa dwuno\u017cna wymaga od naszych st\u00f3p perfekcyjnego dzia\u0142ania i powoduje znaczne ich przeci\u0105\u017cenie. Nadwaga, \u017ale dobrane obuwie, d\u0142ugotrwa\u0142a pozycja stoj\u0105ca, przeci\u0105\u017cenia sportowe powoduj\u0105 ich deformacj\u0119, a ta wp\u0142ywa na inne stawy.<\/p>\n<p>&nbsp;<\/p>\n<p>&nbsp;<\/p>\n<p style=\"font-weight: 400;\">Najcz\u0119stszym problemem z jakim zg\u0142aszaj\u0105 si\u0119 pacjenci wymagaj\u0105cy leczenia operacyjnego jest deformacja ko\u015blawa palucha. Bardzo bolesna i nieestetyczna zmiana. Najcz\u0119\u015bciej powstaj\u0105ca w przebiegu innych deformacji i b\u0119d\u0105ca ich skutkiem. W literaturze mo\u017cna znale\u017a\u0107 oko\u0142o 50 technik operacyjnych z powodu r\u00f3\u017cnorodno\u015bci wady. Nasz\u0105 maksym\u0105 jest by dobiera\u0107 technik\u0119 operacyjn\u0105 do wady, a nie na odwr\u00f3t. Ka\u017cda wada jest inna i wymaga innego, indywidualnego podej\u015bcia i planowania przedoperacyjnego.<\/p>\n<p style=\"font-weight: 400;\">Zabieg w bardzo og\u00f3lnym rozumieniu polega na korekcji ustawienia palucha poprzez \u201eprzeci\u0119cie\u201d jednej ko\u015bci \u015br\u00f3dstopia w odpowiednim miejscu, korekcji tkanek mi\u0119kkich: \u015bci\u0119gien, torebki stawowej, trzeszczek. Niekiedy konieczne jest wykonanie osteotomii paliczka i\/lub usztywnienie stawu. Przeci\u0119te ko\u015bci zespala si\u0119 implantami wykonanymi z tytanu i w miar\u0119 mo\u017cliwo\u015bci nie wymagaj\u0105cego usuni\u0119cia. Dzi\u0119ki temu pacjent nie wymaga unieruchomienia w opatrunku gipsowym.<\/p>\n","protected":false},"excerpt":{"rendered":"<p>Stopy s\u0105 naszym fundamentem, zapewniaj\u0105 nam mo\u017cliwo\u015b\u0107 przemieszczania si\u0119 i stania. Postawa dwuno\u017cna wymaga od naszych st\u00f3p perfekcyjnego dzia\u0142ania i powoduje znaczne ich przeci\u0105\u017cenie. Nadwaga, \u017ale dobrane obuwie, d\u0142ugotrwa\u0142a pozycja stoj\u0105ca, przeci\u0105\u017cenia sportowe powoduj\u0105 ich deformacj\u0119, a ta wp\u0142ywa na inne stawy. &nbsp; &nbsp; Najcz\u0119stszym problemem z jakim zg\u0142aszaj\u0105 si\u0119 pacjenci wymagaj\u0105cy leczenia operacyjnego jest [&hellip;]<\/p>\n","protected":false},"author":1,"featured_media":415,"parent":49,"menu_order":4,"comment_status":"closed","ping_status":"closed","template":"page-single-poradnia.php","meta":{"inline_featured_image":false},"acf":[],"yoast_head":"<!-- This site is optimized with the Yoast SEO plugin v20.6 - https:\/\/yoast.com\/wordpress\/plugins\/seo\/ -->\n<title>Korekcja palucha ko\u015blawego- hallux - DCO Lubin<\/title>\n<meta name=\"robots\" content=\"index, follow, max-snippet:-1, max-image-preview:large, max-video-preview:-1\" \/>\n<link rel=\"canonical\" href=\"http:\/\/dco.pl\/lubin\/zabiegi-opracyjne\/korekcja-palucha-koslawego-hallux\/\" \/>\n<meta property=\"og:locale\" content=\"pl_PL\" \/>\n<meta property=\"og:type\" content=\"article\" \/>\n<meta property=\"og:title\" content=\"Korekcja palucha ko\u015blawego- hallux - DCO Lubin\" \/>\n<meta property=\"og:description\" content=\"Stopy s\u0105 naszym fundamentem, zapewniaj\u0105 nam mo\u017cliwo\u015b\u0107 przemieszczania si\u0119 i stania. Postawa dwuno\u017cna wymaga od naszych st\u00f3p perfekcyjnego dzia\u0142ania i powoduje znaczne ich przeci\u0105\u017cenie. Nadwaga, \u017ale dobrane obuwie, d\u0142ugotrwa\u0142a pozycja stoj\u0105ca, przeci\u0105\u017cenia sportowe powoduj\u0105 ich deformacj\u0119, a ta wp\u0142ywa na inne stawy. &nbsp; &nbsp; Najcz\u0119stszym problemem z jakim zg\u0142aszaj\u0105 si\u0119 pacjenci wymagaj\u0105cy leczenia operacyjnego jest [&hellip;]\" \/>\n<meta property=\"og:url\" content=\"http:\/\/dco.pl\/lubin\/zabiegi-opracyjne\/korekcja-palucha-koslawego-hallux\/\" \/>\n<meta property=\"og:site_name\" content=\"DCO Lubin\" \/>\n<meta property=\"article:modified_time\" content=\"2022-09-27T13:05:21+00:00\" \/>\n<meta property=\"og:image\" content=\"http:\/\/dco.pl\/lubin\/wp-content\/uploads\/sites\/2\/2022\/09\/haluks_0123123-e1664283843649.jpg\" \/>\n\t<meta property=\"og:image:width\" content=\"440\" \/>\n\t<meta property=\"og:image:height\" content=\"420\" \/>\n\t<meta property=\"og:image:type\" content=\"image\/jpeg\" \/>\n<meta name=\"twitter:card\" content=\"summary_large_image\" \/>\n<meta name=\"twitter:label1\" content=\"Szacowany czas czytania\" \/>\n\t<meta name=\"twitter:data1\" content=\"2 minuty\" \/>\n<script type=\"application\/ld+json\" class=\"yoast-schema-graph\">{\"@context\":\"https:\/\/schema.org\",\"@graph\":[{\"@type\":\"WebPage\",\"@id\":\"http:\/\/dco.pl\/lubin\/zabiegi-opracyjne\/korekcja-palucha-koslawego-hallux\/\",\"url\":\"http:\/\/dco.pl\/lubin\/zabiegi-opracyjne\/korekcja-palucha-koslawego-hallux\/\",\"name\":\"Korekcja palucha ko\u015blawego- hallux - DCO Lubin\",\"isPartOf\":{\"@id\":\"http:\/\/dco.pl\/lubin\/#website\"},\"datePublished\":\"2022-09-10T13:00:01+00:00\",\"dateModified\":\"2022-09-27T13:05:21+00:00\",\"breadcrumb\":{\"@id\":\"http:\/\/dco.pl\/lubin\/zabiegi-opracyjne\/korekcja-palucha-koslawego-hallux\/#breadcrumb\"},\"inLanguage\":\"pl-PL\",\"potentialAction\":[{\"@type\":\"ReadAction\",\"target\":[\"http:\/\/dco.pl\/lubin\/zabiegi-opracyjne\/korekcja-palucha-koslawego-hallux\/\"]}]},{\"@type\":\"BreadcrumbList\",\"@id\":\"http:\/\/dco.pl\/lubin\/zabiegi-opracyjne\/korekcja-palucha-koslawego-hallux\/#breadcrumb\",\"itemListElement\":[{\"@type\":\"ListItem\",\"position\":1,\"name\":\"Strona g\u0142\u00f3wna\",\"item\":\"http:\/\/dco.pl\/lubin\/\"},{\"@type\":\"ListItem\",\"position\":2,\"name\":\"Zabiegi opracyjne\",\"item\":\"http:\/\/dco.pl\/lubin\/zabiegi-opracyjne\/\"},{\"@type\":\"ListItem\",\"position\":3,\"name\":\"Korekcja palucha ko\u015blawego- hallux\"}]},{\"@type\":\"WebSite\",\"@id\":\"http:\/\/dco.pl\/lubin\/#website\",\"url\":\"http:\/\/dco.pl\/lubin\/\",\"name\":\"DCO Lubin\",\"description\":\"Just another WordPress site\",\"potentialAction\":[{\"@type\":\"SearchAction\",\"target\":{\"@type\":\"EntryPoint\",\"urlTemplate\":\"http:\/\/dco.pl\/lubin\/?s={search_term_string}\"},\"query-input\":\"required name=search_term_string\"}],\"inLanguage\":\"pl-PL\"}]}<\/script>\n<!-- \/ Yoast SEO plugin. -->","yoast_head_json":{"title":"Korekcja palucha ko\u015blawego- hallux - DCO Lubin","robots":{"index":"index","follow":"follow","max-snippet":"max-snippet:-1","max-image-preview":"max-image-preview:large","max-video-preview":"max-video-preview:-1"},"canonical":"http:\/\/dco.pl\/lubin\/zabiegi-opracyjne\/korekcja-palucha-koslawego-hallux\/","og_locale":"pl_PL","og_type":"article","og_title":"Korekcja palucha ko\u015blawego- hallux - DCO Lubin","og_description":"Stopy s\u0105 naszym fundamentem, zapewniaj\u0105 nam mo\u017cliwo\u015b\u0107 przemieszczania si\u0119 i stania. Postawa dwuno\u017cna wymaga od naszych st\u00f3p perfekcyjnego dzia\u0142ania i powoduje znaczne ich przeci\u0105\u017cenie. Nadwaga, \u017ale dobrane obuwie, d\u0142ugotrwa\u0142a pozycja stoj\u0105ca, przeci\u0105\u017cenia sportowe powoduj\u0105 ich deformacj\u0119, a ta wp\u0142ywa na inne stawy. &nbsp; &nbsp; Najcz\u0119stszym problemem z jakim zg\u0142aszaj\u0105 si\u0119 pacjenci wymagaj\u0105cy leczenia operacyjnego jest [&hellip;]","og_url":"http:\/\/dco.pl\/lubin\/zabiegi-opracyjne\/korekcja-palucha-koslawego-hallux\/","og_site_name":"DCO Lubin","article_modified_time":"2022-09-27T13:05:21+00:00","og_image":[{"width":440,"height":420,"url":"http:\/\/dco.pl\/lubin\/wp-content\/uploads\/sites\/2\/2022\/09\/haluks_0123123-e1664283843649.jpg","type":"image\/jpeg"}],"twitter_card":"summary_large_image","twitter_misc":{"Szacowany czas czytania":"2 minuty"},"schema":{"@context":"https:\/\/schema.org","@graph":[{"@type":"WebPage","@id":"http:\/\/dco.pl\/lubin\/zabiegi-opracyjne\/korekcja-palucha-koslawego-hallux\/","url":"http:\/\/dco.pl\/lubin\/zabiegi-opracyjne\/korekcja-palucha-koslawego-hallux\/","name":"Korekcja palucha ko\u015blawego- hallux - DCO Lubin","isPartOf":{"@id":"http:\/\/dco.pl\/lubin\/#website"},"datePublished":"2022-09-10T13:00:01+00:00","dateModified":"2022-09-27T13:05:21+00:00","breadcrumb":{"@id":"http:\/\/dco.pl\/lubin\/zabiegi-opracyjne\/korekcja-palucha-koslawego-hallux\/#breadcrumb"},"inLanguage":"pl-PL","potentialAction":[{"@type":"ReadAction","target":["http:\/\/dco.pl\/lubin\/zabiegi-opracyjne\/korekcja-palucha-koslawego-hallux\/"]}]},{"@type":"BreadcrumbList","@id":"http:\/\/dco.pl\/lubin\/zabiegi-opracyjne\/korekcja-palucha-koslawego-hallux\/#breadcrumb","itemListElement":[{"@type":"ListItem","position":1,"name":"Strona g\u0142\u00f3wna","item":"http:\/\/dco.pl\/lubin\/"},{"@type":"ListItem","position":2,"name":"Zabiegi opracyjne","item":"http:\/\/dco.pl\/lubin\/zabiegi-opracyjne\/"},{"@type":"ListItem","position":3,"name":"Korekcja palucha ko\u015blawego- hallux"}]},{"@type":"WebSite","@id":"http:\/\/dco.pl\/lubin\/#website","url":"http:\/\/dco.pl\/lubin\/","name":"DCO Lubin","description":"Just another WordPress site","potentialAction":[{"@type":"SearchAction","target":{"@type":"EntryPoint","urlTemplate":"http:\/\/dco.pl\/lubin\/?s={search_term_string}"},"query-input":"required name=search_term_string"}],"inLanguage":"pl-PL"}]}},"_links":{"self":[{"href":"http:\/\/dco.pl\/lubin\/wp-json\/wp\/v2\/pages\/385"}],"collection":[{"href":"http:\/\/dco.pl\/lubin\/wp-json\/wp\/v2\/pages"}],"about":[{"href":"http:\/\/dco.pl\/lubin\/wp-json\/wp\/v2\/types\/page"}],"author":[{"embeddable":true,"href":"http:\/\/dco.pl\/lubin\/wp-json\/wp\/v2\/users\/1"}],"replies":[{"embeddable":true,"href":"http:\/\/dco.pl\/lubin\/wp-json\/wp\/v2\/comments?post=385"}],"version-history":[{"count":5,"href":"http:\/\/dco.pl\/lubin\/wp-json\/wp\/v2\/pages\/385\/revisions"}],"predecessor-version":[{"id":427,"href":"http:\/\/dco.pl\/lubin\/wp-json\/wp\/v2\/pages\/385\/revisions\/427"}],"up":[{"embeddable":true,"href":"http:\/\/dco.pl\/lubin\/wp-json\/wp\/v2\/pages\/49"}],"wp:featuredmedia":[{"embeddable":true,"href":"http:\/\/dco.pl\/lubin\/wp-json\/wp\/v2\/media\/415"}],"wp:attachment":[{"href":"http:\/\/dco.pl\/lubin\/wp-json\/wp\/v2\/media?parent=385"}],"curies":[{"name":"wp","href":"https:\/\/api.w.org\/{rel}","templated":true}]}}