{"id":188,"date":"2021-12-18T00:00:36","date_gmt":"2021-12-18T00:00:36","guid":{"rendered":"http:\/\/dco.pl\/lubin\/?page_id=188"},"modified":"2023-08-29T12:27:28","modified_gmt":"2023-08-29T12:27:28","slug":"poradnia-neurochirurgiczna","status":"publish","type":"page","link":"https:\/\/dco.pl\/lubin\/poradnie-i-cenniki\/poradnia-neurochirurgiczna\/","title":{"rendered":"Poradnia neurochirurgiczna"},"content":{"rendered":"<p><b>Poradnia neurochirurgiczna oferuje kompleksow\u0105 diagnostyk\u0119 oraz leczenie operacyjne <\/b><b>i nieoperacyjne chor\u00f3b zwi\u0105zanych z uk\u0142adem nerwowym. G\u0142\u00f3wnym obszarem zainteresowa\u0144 neurochirurg\u00f3w s\u0105 choroby i schorzenia dotycz\u0105ce m\u00f3zgowia, rdzenia kr\u0119gowego, nerw\u00f3w obwodowych oraz uk\u0142adu naczyniowego.<\/b><\/p>\n<p><span style=\"font-weight: 400;\">Nasi Pacjenci najcz\u0119\u015bciej na konsultacj\u0119 neurochirurgiczn\u0105 zg\u0142aszaj\u0105 si\u0119 do nas, kiedy <\/span><span style=\"font-weight: 400;\">odczuwaj\u0105 b\u00f3le kr\u0119gos\u0142upa, b\u00f3le g\u0142owy, a w szczeg\u00f3lno\u015bci, gdy b\u00f3lom towarzysz\u0105 drgawki, zawroty, md\u0142o\u015bci oraz migotanie przed oczami, b\u00f3le, kt\u00f3re nie mijaj\u0105 po zastosowaniu \u015brodk\u00f3w przeciwb\u00f3lowych. Cz\u0119stym powodem konsultacji s\u0105 te\u017c urazy kr\u0119gos\u0142upa lub g\u0142owy, brak czucia i parali\u017c w r\u00f3\u017cnych cz\u0119\u015bciach cia\u0142a, zaburzenia widzenia.<\/span><\/p>\n<p><span style=\"font-weight: 400;\">W naszym zespole pracuje 2 lekarzy neurochirurg\u00f3w. Ich wiedza i do\u015bwiadczenie pozwalaj\u0105 na celowan\u0105 pomoc w problemach uk\u0142adu neurologicznego. Nasi lekarze specjalizuj\u0105 si\u0119 <\/span><span style=\"font-weight: 400;\">w szczeg\u00f3lno\u015bci w leczeniu m.in chor\u00f3b kr\u0119gos\u0142upa, <\/span><span style=\"font-weight: 400;\">nowotwor\u00f3w m\u00f3zgu, rdzenia i innych cz\u0119\u015bci centralnego systemu nerwowego, uraz\u00f3w nerw\u00f3w, uraz\u00f3w czaszki, chor\u00f3b naczyniowych, padaczki, dyskopatii i inne. Na miejscu odbywa si\u0119<\/span><span style=\"font-weight: 400;\"> kwalifikacja do zabieg\u00f3w chirurgicznych. Cz\u0119sto jest to najlepsza forma leczenia, daj\u0105ca najwi\u0119ksze szanse na popraw\u0119 komfortu \u017cycia\u00a0<\/span><span style=\"font-weight: 400;\">i ryzyko powik\u0142a\u0144 jest minimalne wzgl\u0119dem szans poprawy. Neurochirurdzy w po\u0142\u0105czeniu\u00a0<\/span><span style=\"font-weight: 400;\">z zespo\u0142em rehabilitacyjnym potrafi\u0105 znale\u017a\u0107 optymaln\u0105 drog\u0119 powrotu do sprawno\u015bci, <\/span><span style=\"font-weight: 400;\">a z zespo\u0142em poradni leczenia b\u00f3lu w zmniejszeniu dolegliwo\u015bci.<\/span><\/p>\n","protected":false},"excerpt":{"rendered":"<p>Poradnia neurochirurgiczna oferuje kompleksow\u0105 diagnostyk\u0119 oraz leczenie operacyjne i nieoperacyjne chor\u00f3b zwi\u0105zanych z uk\u0142adem nerwowym. G\u0142\u00f3wnym obszarem zainteresowa\u0144 neurochirurg\u00f3w s\u0105 choroby i schorzenia dotycz\u0105ce m\u00f3zgowia, rdzenia kr\u0119gowego, nerw\u00f3w obwodowych oraz uk\u0142adu naczyniowego. Nasi Pacjenci najcz\u0119\u015bciej na konsultacj\u0119 neurochirurgiczn\u0105 zg\u0142aszaj\u0105 si\u0119 do nas, kiedy odczuwaj\u0105 b\u00f3le kr\u0119gos\u0142upa, b\u00f3le g\u0142owy, a w szczeg\u00f3lno\u015bci, gdy b\u00f3lom towarzysz\u0105 drgawki, [&hellip;]<\/p>\n","protected":false},"author":1,"featured_media":317,"parent":19,"menu_order":3,"comment_status":"closed","ping_status":"closed","template":"page-single-poradnia.php","meta":{"inline_featured_image":false},"acf":[],"yoast_head":"<!-- This site is optimized with the Yoast SEO plugin v20.6 - https:\/\/yoast.com\/wordpress\/plugins\/seo\/ -->\n<title>Poradnia neurochirurgiczna - DCO Lubin<\/title>\n<meta name=\"robots\" content=\"index, follow, max-snippet:-1, max-image-preview:large, max-video-preview:-1\" \/>\n<link rel=\"canonical\" href=\"https:\/\/dco.pl\/lubin\/poradnie-i-cenniki\/poradnia-neurochirurgiczna\/\" \/>\n<meta property=\"og:locale\" content=\"pl_PL\" \/>\n<meta property=\"og:type\" content=\"article\" \/>\n<meta property=\"og:title\" content=\"Poradnia neurochirurgiczna - DCO Lubin\" \/>\n<meta property=\"og:description\" content=\"Poradnia neurochirurgiczna oferuje kompleksow\u0105 diagnostyk\u0119 oraz leczenie operacyjne i nieoperacyjne chor\u00f3b zwi\u0105zanych z uk\u0142adem nerwowym. G\u0142\u00f3wnym obszarem zainteresowa\u0144 neurochirurg\u00f3w s\u0105 choroby i schorzenia dotycz\u0105ce m\u00f3zgowia, rdzenia kr\u0119gowego, nerw\u00f3w obwodowych oraz uk\u0142adu naczyniowego. Nasi Pacjenci najcz\u0119\u015bciej na konsultacj\u0119 neurochirurgiczn\u0105 zg\u0142aszaj\u0105 si\u0119 do nas, kiedy odczuwaj\u0105 b\u00f3le kr\u0119gos\u0142upa, b\u00f3le g\u0142owy, a w szczeg\u00f3lno\u015bci, gdy b\u00f3lom towarzysz\u0105 drgawki, [&hellip;]\" \/>\n<meta property=\"og:url\" content=\"https:\/\/dco.pl\/lubin\/poradnie-i-cenniki\/poradnia-neurochirurgiczna\/\" \/>\n<meta property=\"og:site_name\" content=\"DCO Lubin\" \/>\n<meta property=\"article:modified_time\" content=\"2023-08-29T12:27:28+00:00\" \/>\n<meta property=\"og:image\" content=\"https:\/\/dco.pl\/lubin\/wp-content\/uploads\/sites\/2\/2022\/08\/neurochirurgia-1024x683-1.jpg\" \/>\n\t<meta property=\"og:image:width\" content=\"1024\" \/>\n\t<meta property=\"og:image:height\" content=\"683\" \/>\n\t<meta property=\"og:image:type\" content=\"image\/jpeg\" \/>\n<meta name=\"twitter:card\" content=\"summary_large_image\" \/>\n<meta name=\"twitter:label1\" content=\"Szacowany czas czytania\" \/>\n\t<meta name=\"twitter:data1\" content=\"2 minuty\" \/>\n<script type=\"application\/ld+json\" class=\"yoast-schema-graph\">{\"@context\":\"https:\/\/schema.org\",\"@graph\":[{\"@type\":\"WebPage\",\"@id\":\"https:\/\/dco.pl\/lubin\/poradnie-i-cenniki\/poradnia-neurochirurgiczna\/\",\"url\":\"https:\/\/dco.pl\/lubin\/poradnie-i-cenniki\/poradnia-neurochirurgiczna\/\",\"name\":\"Poradnia neurochirurgiczna - DCO Lubin\",\"isPartOf\":{\"@id\":\"https:\/\/dco.pl\/lubin\/#website\"},\"datePublished\":\"2021-12-18T00:00:36+00:00\",\"dateModified\":\"2023-08-29T12:27:28+00:00\",\"breadcrumb\":{\"@id\":\"https:\/\/dco.pl\/lubin\/poradnie-i-cenniki\/poradnia-neurochirurgiczna\/#breadcrumb\"},\"inLanguage\":\"pl-PL\",\"potentialAction\":[{\"@type\":\"ReadAction\",\"target\":[\"https:\/\/dco.pl\/lubin\/poradnie-i-cenniki\/poradnia-neurochirurgiczna\/\"]}]},{\"@type\":\"BreadcrumbList\",\"@id\":\"https:\/\/dco.pl\/lubin\/poradnie-i-cenniki\/poradnia-neurochirurgiczna\/#breadcrumb\",\"itemListElement\":[{\"@type\":\"ListItem\",\"position\":1,\"name\":\"Strona g\u0142\u00f3wna\",\"item\":\"https:\/\/dco.pl\/lubin\/\"},{\"@type\":\"ListItem\",\"position\":2,\"name\":\"Poradnie i cenniki\",\"item\":\"https:\/\/dco.pl\/lubin\/poradnie-i-cenniki\/\"},{\"@type\":\"ListItem\",\"position\":3,\"name\":\"Poradnia neurochirurgiczna\"}]},{\"@type\":\"WebSite\",\"@id\":\"https:\/\/dco.pl\/lubin\/#website\",\"url\":\"https:\/\/dco.pl\/lubin\/\",\"name\":\"DCO Lubin\",\"description\":\"Just another WordPress site\",\"potentialAction\":[{\"@type\":\"SearchAction\",\"target\":{\"@type\":\"EntryPoint\",\"urlTemplate\":\"https:\/\/dco.pl\/lubin\/?s={search_term_string}\"},\"query-input\":\"required name=search_term_string\"}],\"inLanguage\":\"pl-PL\"}]}<\/script>\n<!-- \/ Yoast SEO plugin. -->","yoast_head_json":{"title":"Poradnia neurochirurgiczna - DCO Lubin","robots":{"index":"index","follow":"follow","max-snippet":"max-snippet:-1","max-image-preview":"max-image-preview:large","max-video-preview":"max-video-preview:-1"},"canonical":"https:\/\/dco.pl\/lubin\/poradnie-i-cenniki\/poradnia-neurochirurgiczna\/","og_locale":"pl_PL","og_type":"article","og_title":"Poradnia neurochirurgiczna - DCO Lubin","og_description":"Poradnia neurochirurgiczna oferuje kompleksow\u0105 diagnostyk\u0119 oraz leczenie operacyjne i nieoperacyjne chor\u00f3b zwi\u0105zanych z uk\u0142adem nerwowym. G\u0142\u00f3wnym obszarem zainteresowa\u0144 neurochirurg\u00f3w s\u0105 choroby i schorzenia dotycz\u0105ce m\u00f3zgowia, rdzenia kr\u0119gowego, nerw\u00f3w obwodowych oraz uk\u0142adu naczyniowego. Nasi Pacjenci najcz\u0119\u015bciej na konsultacj\u0119 neurochirurgiczn\u0105 zg\u0142aszaj\u0105 si\u0119 do nas, kiedy odczuwaj\u0105 b\u00f3le kr\u0119gos\u0142upa, b\u00f3le g\u0142owy, a w szczeg\u00f3lno\u015bci, gdy b\u00f3lom towarzysz\u0105 drgawki, [&hellip;]","og_url":"https:\/\/dco.pl\/lubin\/poradnie-i-cenniki\/poradnia-neurochirurgiczna\/","og_site_name":"DCO Lubin","article_modified_time":"2023-08-29T12:27:28+00:00","og_image":[{"width":1024,"height":683,"url":"https:\/\/dco.pl\/lubin\/wp-content\/uploads\/sites\/2\/2022\/08\/neurochirurgia-1024x683-1.jpg","type":"image\/jpeg"}],"twitter_card":"summary_large_image","twitter_misc":{"Szacowany czas czytania":"2 minuty"},"schema":{"@context":"https:\/\/schema.org","@graph":[{"@type":"WebPage","@id":"https:\/\/dco.pl\/lubin\/poradnie-i-cenniki\/poradnia-neurochirurgiczna\/","url":"https:\/\/dco.pl\/lubin\/poradnie-i-cenniki\/poradnia-neurochirurgiczna\/","name":"Poradnia neurochirurgiczna - DCO Lubin","isPartOf":{"@id":"https:\/\/dco.pl\/lubin\/#website"},"datePublished":"2021-12-18T00:00:36+00:00","dateModified":"2023-08-29T12:27:28+00:00","breadcrumb":{"@id":"https:\/\/dco.pl\/lubin\/poradnie-i-cenniki\/poradnia-neurochirurgiczna\/#breadcrumb"},"inLanguage":"pl-PL","potentialAction":[{"@type":"ReadAction","target":["https:\/\/dco.pl\/lubin\/poradnie-i-cenniki\/poradnia-neurochirurgiczna\/"]}]},{"@type":"BreadcrumbList","@id":"https:\/\/dco.pl\/lubin\/poradnie-i-cenniki\/poradnia-neurochirurgiczna\/#breadcrumb","itemListElement":[{"@type":"ListItem","position":1,"name":"Strona g\u0142\u00f3wna","item":"https:\/\/dco.pl\/lubin\/"},{"@type":"ListItem","position":2,"name":"Poradnie i cenniki","item":"https:\/\/dco.pl\/lubin\/poradnie-i-cenniki\/"},{"@type":"ListItem","position":3,"name":"Poradnia neurochirurgiczna"}]},{"@type":"WebSite","@id":"https:\/\/dco.pl\/lubin\/#website","url":"https:\/\/dco.pl\/lubin\/","name":"DCO Lubin","description":"Just another WordPress site","potentialAction":[{"@type":"SearchAction","target":{"@type":"EntryPoint","urlTemplate":"https:\/\/dco.pl\/lubin\/?s={search_term_string}"},"query-input":"required name=search_term_string"}],"inLanguage":"pl-PL"}]}},"_links":{"self":[{"href":"https:\/\/dco.pl\/lubin\/wp-json\/wp\/v2\/pages\/188"}],"collection":[{"href":"https:\/\/dco.pl\/lubin\/wp-json\/wp\/v2\/pages"}],"about":[{"href":"https:\/\/dco.pl\/lubin\/wp-json\/wp\/v2\/types\/page"}],"author":[{"embeddable":true,"href":"https:\/\/dco.pl\/lubin\/wp-json\/wp\/v2\/users\/1"}],"replies":[{"embeddable":true,"href":"https:\/\/dco.pl\/lubin\/wp-json\/wp\/v2\/comments?post=188"}],"version-history":[{"count":4,"href":"https:\/\/dco.pl\/lubin\/wp-json\/wp\/v2\/pages\/188\/revisions"}],"predecessor-version":[{"id":453,"href":"https:\/\/dco.pl\/lubin\/wp-json\/wp\/v2\/pages\/188\/revisions\/453"}],"up":[{"embeddable":true,"href":"https:\/\/dco.pl\/lubin\/wp-json\/wp\/v2\/pages\/19"}],"wp:featuredmedia":[{"embeddable":true,"href":"https:\/\/dco.pl\/lubin\/wp-json\/wp\/v2\/media\/317"}],"wp:attachment":[{"href":"https:\/\/dco.pl\/lubin\/wp-json\/wp\/v2\/media?parent=188"}],"curies":[{"name":"wp","href":"https:\/\/api.w.org\/{rel}","templated":true}]}}