{"id":190,"date":"2021-12-29T09:22:55","date_gmt":"2021-12-29T09:22:55","guid":{"rendered":"http:\/\/dco.pl\/lubin\/?page_id=190"},"modified":"2025-10-13T08:17:59","modified_gmt":"2025-10-13T08:17:59","slug":"poradnia-reumatologiczna","status":"publish","type":"page","link":"https:\/\/dco.pl\/lubin\/poradnie-i-cenniki\/poradnia-reumatologiczna\/","title":{"rendered":"Poradnia fizjoterapeutyczna"},"content":{"rendered":"<p><strong>Fizjoterapia obejmuje ca\u0142o\u015b\u0107 zagadnie\u0144 zwi\u0105zanych z leczeniem ruchem, zabiegami fizjoterapeutycznymi i fizykoterapeutycznymi. Stanowi podstawow\u0105 sk\u0142adow\u0105 rehabilitacji leczniczej (medycznej). Celem fizjoterapii\u00a0jest poprawa sprawno\u015bci ruchowej i si\u0142y organizmu, z\u0142agodzenie b\u00f3lu i przywr\u00f3cenie sprawno\u015bci fizycznej.<\/strong><\/p>\n<p><span style=\"font-weight: 400;\">Nasi Pacjenci najcz\u0119\u015bciej na konsultacj\u0119 fizjoterapeutyczn\u0105 zg\u0142aszaj\u0105 si\u0119 gdy <\/span>odczuwaj\u0105 dolegliwo\u015bci ze strony staw\u00f3w kolanowych, biodrowych, barkowych a tak\u017ce skokowych, kiedy borykaj\u0105 si\u0119 z b\u00f3lem kr\u0119gos\u0142upa podczas wykonywania codziennych czynno\u015bci. Po zabiegach operacyjnych, kontuzjach, urazach, a tak\u017ce wypadkach. R\u00f3wnie\u017c w przypadku cierpienia z powodu chor\u00f3b o\u015brodkowego lub obwodowego uk\u0142adu nerwowego, cz\u0119stych b\u00f3l\u00f3w g\u0142owy, migren, przebytego udaru m\u00f3zgu, zawa\u0142u serca.<\/p>\n<p>W wielu sytuacjach konsultacja fizjoterapeutyczna jest uzupe\u0142nieniem leczenia u innych specjalist\u00f3w, m.in. ortoped\u00f3w, neurolog\u00f3w czy neurochirurg\u00f3w.<\/p>\n<p>Nasz Centrum proponuje Pacjentom szereg zabieg\u00f3w fizjoterapeutycznych oraz <strong>kinesiotaping<\/strong>, czyli oklejanie specjalnymi plastrami. Technika ta pozwala na osi\u0105ganie doskona\u0142ych rezultat\u00f3w terapeutycznych przez dzia\u0142anie sensoryczne plastra. Przyklejone we w\u0142a\u015bciwy spos\u00f3b plastry dynamiczne tworz\u0105 pofa\u0142dowania powierzchni, zwi\u0119kszaj\u0105c przestrze\u0144 pomi\u0119dzy sk\u00f3r\u0105 w\u0142a\u015bciw\u0105 a powi\u0119zi\u0105. Usprawnia to mikrokr\u0105\u017cenie krwi, limfy oraz aktywuje proces samoleczenia. Poprawa mikrokr\u0105\u017cenia i przep\u0142yw limfy wspomaga wch\u0142anianie krwiak\u00f3w, obrz\u0119k\u00f3w oraz zmniejsza stany zapalne. Dzia\u0142anie przeciwb\u00f3lowe wynika z oddzia\u0142ywania na receptory po\u0142o\u017cone w sk\u00f3rze. Kinesiotaping wspomaga prac\u0119 mi\u0119\u015bni, u\u0142atwiaj\u0105c wykonanie ruchu, koryguje ustawienie oraz prac\u0119 staw\u00f3w, zwi\u0119ksza zakres ruchu mi\u0119\u015bni i staw\u00f3w.<\/p>\n<h4>Przygotowanie do konsultacji:<\/h4>\n<p>Na konsultacj\u0119 fizjoterapeutyczn\u0105 nale\u017cy zabra\u0107 ze sob\u0105 pe\u0142n\u0105 dokumentacj\u0119 medyczn\u0105, zawieraj\u0105c\u0105 informacje dotycz\u0105ce problemu medycznego oraz schorze\u0144 towarzysz\u0105cych. Dodatkowo w celu prawid\u0142owego przeprowadzenia badania Pacjent mo\u017ce zosta\u0107 poproszony przez fizjoterapeut\u0119 o rozebranie si\u0119 do bielizny.<\/p>\n<p>&nbsp;<\/p>\n","protected":false},"excerpt":{"rendered":"<p>Fizjoterapia obejmuje ca\u0142o\u015b\u0107 zagadnie\u0144 zwi\u0105zanych z leczeniem ruchem, zabiegami fizjoterapeutycznymi i fizykoterapeutycznymi. Stanowi podstawow\u0105 sk\u0142adow\u0105 rehabilitacji leczniczej (medycznej). Celem fizjoterapii\u00a0jest poprawa sprawno\u015bci ruchowej i si\u0142y organizmu, z\u0142agodzenie b\u00f3lu i przywr\u00f3cenie sprawno\u015bci fizycznej. Nasi Pacjenci najcz\u0119\u015bciej na konsultacj\u0119 fizjoterapeutyczn\u0105 zg\u0142aszaj\u0105 si\u0119 gdy odczuwaj\u0105 dolegliwo\u015bci ze strony staw\u00f3w kolanowych, biodrowych, barkowych a tak\u017ce skokowych, kiedy borykaj\u0105 si\u0119 [&hellip;]<\/p>\n","protected":false},"author":1,"featured_media":312,"parent":19,"menu_order":5,"comment_status":"closed","ping_status":"closed","template":"page-single-poradnia.php","meta":{"inline_featured_image":false},"acf":[],"yoast_head":"<!-- This site is optimized with the Yoast SEO plugin v20.6 - https:\/\/yoast.com\/wordpress\/plugins\/seo\/ -->\n<title>Poradnia fizjoterapeutyczna - DCO Lubin<\/title>\n<meta name=\"robots\" content=\"index, follow, max-snippet:-1, max-image-preview:large, max-video-preview:-1\" \/>\n<link rel=\"canonical\" href=\"https:\/\/dco.pl\/lubin\/poradnie-i-cenniki\/poradnia-reumatologiczna\/\" \/>\n<meta property=\"og:locale\" content=\"pl_PL\" \/>\n<meta property=\"og:type\" content=\"article\" \/>\n<meta property=\"og:title\" content=\"Poradnia fizjoterapeutyczna - DCO Lubin\" \/>\n<meta property=\"og:description\" content=\"Fizjoterapia obejmuje ca\u0142o\u015b\u0107 zagadnie\u0144 zwi\u0105zanych z leczeniem ruchem, zabiegami fizjoterapeutycznymi i fizykoterapeutycznymi. Stanowi podstawow\u0105 sk\u0142adow\u0105 rehabilitacji leczniczej (medycznej). Celem fizjoterapii\u00a0jest poprawa sprawno\u015bci ruchowej i si\u0142y organizmu, z\u0142agodzenie b\u00f3lu i przywr\u00f3cenie sprawno\u015bci fizycznej. Nasi Pacjenci najcz\u0119\u015bciej na konsultacj\u0119 fizjoterapeutyczn\u0105 zg\u0142aszaj\u0105 si\u0119 gdy odczuwaj\u0105 dolegliwo\u015bci ze strony staw\u00f3w kolanowych, biodrowych, barkowych a tak\u017ce skokowych, kiedy borykaj\u0105 si\u0119 [&hellip;]\" \/>\n<meta property=\"og:url\" content=\"https:\/\/dco.pl\/lubin\/poradnie-i-cenniki\/poradnia-reumatologiczna\/\" \/>\n<meta property=\"og:site_name\" content=\"DCO Lubin\" \/>\n<meta property=\"article:modified_time\" content=\"2025-10-13T08:17:59+00:00\" \/>\n<meta property=\"og:image\" content=\"https:\/\/dco.pl\/lubin\/wp-content\/uploads\/sites\/2\/2022\/08\/woman-having-abdomen-massage-by-professional-osteopathy-therapist-scaled.jpg\" \/>\n\t<meta property=\"og:image:width\" content=\"2560\" \/>\n\t<meta property=\"og:image:height\" content=\"1709\" \/>\n\t<meta property=\"og:image:type\" content=\"image\/jpeg\" \/>\n<meta name=\"twitter:card\" content=\"summary_large_image\" \/>\n<meta name=\"twitter:label1\" content=\"Szacowany czas czytania\" \/>\n\t<meta name=\"twitter:data1\" content=\"2 minuty\" \/>\n<script type=\"application\/ld+json\" class=\"yoast-schema-graph\">{\"@context\":\"https:\/\/schema.org\",\"@graph\":[{\"@type\":\"WebPage\",\"@id\":\"https:\/\/dco.pl\/lubin\/poradnie-i-cenniki\/poradnia-reumatologiczna\/\",\"url\":\"https:\/\/dco.pl\/lubin\/poradnie-i-cenniki\/poradnia-reumatologiczna\/\",\"name\":\"Poradnia fizjoterapeutyczna - DCO Lubin\",\"isPartOf\":{\"@id\":\"https:\/\/dco.pl\/lubin\/#website\"},\"datePublished\":\"2021-12-29T09:22:55+00:00\",\"dateModified\":\"2025-10-13T08:17:59+00:00\",\"breadcrumb\":{\"@id\":\"https:\/\/dco.pl\/lubin\/poradnie-i-cenniki\/poradnia-reumatologiczna\/#breadcrumb\"},\"inLanguage\":\"pl-PL\",\"potentialAction\":[{\"@type\":\"ReadAction\",\"target\":[\"https:\/\/dco.pl\/lubin\/poradnie-i-cenniki\/poradnia-reumatologiczna\/\"]}]},{\"@type\":\"BreadcrumbList\",\"@id\":\"https:\/\/dco.pl\/lubin\/poradnie-i-cenniki\/poradnia-reumatologiczna\/#breadcrumb\",\"itemListElement\":[{\"@type\":\"ListItem\",\"position\":1,\"name\":\"Strona g\u0142\u00f3wna\",\"item\":\"https:\/\/dco.pl\/lubin\/\"},{\"@type\":\"ListItem\",\"position\":2,\"name\":\"Poradnie i cenniki\",\"item\":\"https:\/\/dco.pl\/lubin\/poradnie-i-cenniki\/\"},{\"@type\":\"ListItem\",\"position\":3,\"name\":\"Poradnia fizjoterapeutyczna\"}]},{\"@type\":\"WebSite\",\"@id\":\"https:\/\/dco.pl\/lubin\/#website\",\"url\":\"https:\/\/dco.pl\/lubin\/\",\"name\":\"DCO Lubin\",\"description\":\"Just another WordPress site\",\"potentialAction\":[{\"@type\":\"SearchAction\",\"target\":{\"@type\":\"EntryPoint\",\"urlTemplate\":\"https:\/\/dco.pl\/lubin\/?s={search_term_string}\"},\"query-input\":\"required name=search_term_string\"}],\"inLanguage\":\"pl-PL\"}]}<\/script>\n<!-- \/ Yoast SEO plugin. -->","yoast_head_json":{"title":"Poradnia fizjoterapeutyczna - DCO Lubin","robots":{"index":"index","follow":"follow","max-snippet":"max-snippet:-1","max-image-preview":"max-image-preview:large","max-video-preview":"max-video-preview:-1"},"canonical":"https:\/\/dco.pl\/lubin\/poradnie-i-cenniki\/poradnia-reumatologiczna\/","og_locale":"pl_PL","og_type":"article","og_title":"Poradnia fizjoterapeutyczna - DCO Lubin","og_description":"Fizjoterapia obejmuje ca\u0142o\u015b\u0107 zagadnie\u0144 zwi\u0105zanych z leczeniem ruchem, zabiegami fizjoterapeutycznymi i fizykoterapeutycznymi. Stanowi podstawow\u0105 sk\u0142adow\u0105 rehabilitacji leczniczej (medycznej). Celem fizjoterapii\u00a0jest poprawa sprawno\u015bci ruchowej i si\u0142y organizmu, z\u0142agodzenie b\u00f3lu i przywr\u00f3cenie sprawno\u015bci fizycznej. Nasi Pacjenci najcz\u0119\u015bciej na konsultacj\u0119 fizjoterapeutyczn\u0105 zg\u0142aszaj\u0105 si\u0119 gdy odczuwaj\u0105 dolegliwo\u015bci ze strony staw\u00f3w kolanowych, biodrowych, barkowych a tak\u017ce skokowych, kiedy borykaj\u0105 si\u0119 [&hellip;]","og_url":"https:\/\/dco.pl\/lubin\/poradnie-i-cenniki\/poradnia-reumatologiczna\/","og_site_name":"DCO Lubin","article_modified_time":"2025-10-13T08:17:59+00:00","og_image":[{"width":2560,"height":1709,"url":"https:\/\/dco.pl\/lubin\/wp-content\/uploads\/sites\/2\/2022\/08\/woman-having-abdomen-massage-by-professional-osteopathy-therapist-scaled.jpg","type":"image\/jpeg"}],"twitter_card":"summary_large_image","twitter_misc":{"Szacowany czas czytania":"2 minuty"},"schema":{"@context":"https:\/\/schema.org","@graph":[{"@type":"WebPage","@id":"https:\/\/dco.pl\/lubin\/poradnie-i-cenniki\/poradnia-reumatologiczna\/","url":"https:\/\/dco.pl\/lubin\/poradnie-i-cenniki\/poradnia-reumatologiczna\/","name":"Poradnia fizjoterapeutyczna - DCO Lubin","isPartOf":{"@id":"https:\/\/dco.pl\/lubin\/#website"},"datePublished":"2021-12-29T09:22:55+00:00","dateModified":"2025-10-13T08:17:59+00:00","breadcrumb":{"@id":"https:\/\/dco.pl\/lubin\/poradnie-i-cenniki\/poradnia-reumatologiczna\/#breadcrumb"},"inLanguage":"pl-PL","potentialAction":[{"@type":"ReadAction","target":["https:\/\/dco.pl\/lubin\/poradnie-i-cenniki\/poradnia-reumatologiczna\/"]}]},{"@type":"BreadcrumbList","@id":"https:\/\/dco.pl\/lubin\/poradnie-i-cenniki\/poradnia-reumatologiczna\/#breadcrumb","itemListElement":[{"@type":"ListItem","position":1,"name":"Strona g\u0142\u00f3wna","item":"https:\/\/dco.pl\/lubin\/"},{"@type":"ListItem","position":2,"name":"Poradnie i cenniki","item":"https:\/\/dco.pl\/lubin\/poradnie-i-cenniki\/"},{"@type":"ListItem","position":3,"name":"Poradnia fizjoterapeutyczna"}]},{"@type":"WebSite","@id":"https:\/\/dco.pl\/lubin\/#website","url":"https:\/\/dco.pl\/lubin\/","name":"DCO Lubin","description":"Just another WordPress site","potentialAction":[{"@type":"SearchAction","target":{"@type":"EntryPoint","urlTemplate":"https:\/\/dco.pl\/lubin\/?s={search_term_string}"},"query-input":"required name=search_term_string"}],"inLanguage":"pl-PL"}]}},"_links":{"self":[{"href":"https:\/\/dco.pl\/lubin\/wp-json\/wp\/v2\/pages\/190"}],"collection":[{"href":"https:\/\/dco.pl\/lubin\/wp-json\/wp\/v2\/pages"}],"about":[{"href":"https:\/\/dco.pl\/lubin\/wp-json\/wp\/v2\/types\/page"}],"author":[{"embeddable":true,"href":"https:\/\/dco.pl\/lubin\/wp-json\/wp\/v2\/users\/1"}],"replies":[{"embeddable":true,"href":"https:\/\/dco.pl\/lubin\/wp-json\/wp\/v2\/comments?post=190"}],"version-history":[{"count":12,"href":"https:\/\/dco.pl\/lubin\/wp-json\/wp\/v2\/pages\/190\/revisions"}],"predecessor-version":[{"id":467,"href":"https:\/\/dco.pl\/lubin\/wp-json\/wp\/v2\/pages\/190\/revisions\/467"}],"up":[{"embeddable":true,"href":"https:\/\/dco.pl\/lubin\/wp-json\/wp\/v2\/pages\/19"}],"wp:featuredmedia":[{"embeddable":true,"href":"https:\/\/dco.pl\/lubin\/wp-json\/wp\/v2\/media\/312"}],"wp:attachment":[{"href":"https:\/\/dco.pl\/lubin\/wp-json\/wp\/v2\/media?parent=190"}],"curies":[{"name":"wp","href":"https:\/\/api.w.org\/{rel}","templated":true}]}}