{"id":200,"date":"2021-12-29T09:24:25","date_gmt":"2021-12-29T09:24:25","guid":{"rendered":"http:\/\/dco.pl\/lubin\/?page_id=200"},"modified":"2023-08-29T10:56:54","modified_gmt":"2023-08-29T10:56:54","slug":"poradnia-psychiatryczna","status":"publish","type":"page","link":"https:\/\/dco.pl\/lubin\/poradnie-i-cenniki\/poradnia-psychiatryczna\/","title":{"rendered":"Poradnia neurologiczna"},"content":{"rendered":"<p><b>Poradnia Neurologiczna oferuje diagnostyk\u0119 i leczenie chor\u00f3b uk\u0142adu nerwowego w zakresie chor\u00f3b m\u00f3zgu, rdzenia kr\u0119gowego, nerw\u00f3w obwodowych i funkcji nerwowo-mi\u0119\u015bniowych. Zajmuje si\u0119 r\u00f3wnie\u017c schorzeniami z pogranicza neurologii i psychiatrii m.in. depresj\u0105.\u00a0<\/b><\/p>\n<p><span style=\"font-weight: 400;\">Nasi Pacjenci najcz\u0119\u015bciej na konsultacj\u0119 neurologiczn\u0105 zg\u0142aszaj\u0105 si\u0119 do nas z takimi problemami jak: b\u00f3le g\u0142owy, b\u00f3le kr\u0119gos\u0142upa, zaburzenia czucia, os\u0142abienie si\u0142y mi\u0119\u015bniowej, dr\u017cenie ko\u0144czyn i inne ruchy mimowolne, zaburzenia koordynacji ruchowej, utraty przytomno\u015bci, zaburzenia pami\u0119ci, zaburzenia widzenia, zawroty g\u0142owy, zaburzenia snu.<\/span><\/p>\n<p><span style=\"font-weight: 400;\">Badanie przedmiotowe, uzupe\u0142nione badaniami dodatkowymi takimi jak RTG, EEG, EMG, badanie naczyniowe t\u0119tnic dom\u00f3zgowych, TK, MR pozwala neurologowi rozpozna\u0107 schorzenia kr\u0119gos\u0142upa (dyskopatia, guzy, zmiany pourazowe). Przeprowadzone badania umo\u017cliwiaj\u0105 r\u00f3wnie\u017c rozpozna\u0107 takie choroby jak padaczka, nowotwory uk\u0142adu nerwowego, udary m\u00f3zgu, stwardnienie rozsiane (SM) oraz choroby zwyrodnieniowe uk\u0142adu nerwowego, m.in.\u00a0 chorob\u0119 Parkinsona, chorob\u0119 Alzheimera, zespo\u0142y ot\u0119pienne pochodzenia naczyniowego oraz niekt\u00f3re poinfekcyjne zespo\u0142y np. w przebiegu boreliozy.<\/span><\/p>\n<p><span style=\"font-weight: 400;\">W wielu sytuacjach klinicznych opieka neurologiczna jest wzmacniana wsp\u00f3\u0142prac\u0105 z innymi specjalistami, cz\u0119sto z fizjoterapeutami.<\/span><\/p>\n<p><span style=\"font-weight: 400;\">Nasza Poradnia Neurologiczna dysponuje na miejscu badaniami diagnostycznymi USG. Pozosta\u0142e badania wykonywane s\u0105 w zakontraktowanych o\u015brodkach.<\/span><\/p>\n<p>&nbsp;<\/p>\n","protected":false},"excerpt":{"rendered":"<p>Poradnia Neurologiczna oferuje diagnostyk\u0119 i leczenie chor\u00f3b uk\u0142adu nerwowego w zakresie chor\u00f3b m\u00f3zgu, rdzenia kr\u0119gowego, nerw\u00f3w obwodowych i funkcji nerwowo-mi\u0119\u015bniowych. Zajmuje si\u0119 r\u00f3wnie\u017c schorzeniami z pogranicza neurologii i psychiatrii m.in. depresj\u0105.\u00a0 Nasi Pacjenci najcz\u0119\u015bciej na konsultacj\u0119 neurologiczn\u0105 zg\u0142aszaj\u0105 si\u0119 do nas z takimi problemami jak: b\u00f3le g\u0142owy, b\u00f3le kr\u0119gos\u0142upa, zaburzenia czucia, os\u0142abienie si\u0142y mi\u0119\u015bniowej, dr\u017cenie [&hellip;]<\/p>\n","protected":false},"author":1,"featured_media":318,"parent":19,"menu_order":2,"comment_status":"closed","ping_status":"closed","template":"page-single-poradnia.php","meta":{"inline_featured_image":false},"acf":[],"yoast_head":"<!-- This site is optimized with the Yoast SEO plugin v20.6 - https:\/\/yoast.com\/wordpress\/plugins\/seo\/ -->\n<title>Poradnia neurologiczna - DCO Lubin<\/title>\n<meta name=\"robots\" content=\"index, follow, max-snippet:-1, max-image-preview:large, max-video-preview:-1\" \/>\n<link rel=\"canonical\" href=\"https:\/\/dco.pl\/lubin\/poradnie-i-cenniki\/poradnia-psychiatryczna\/\" \/>\n<meta property=\"og:locale\" content=\"pl_PL\" \/>\n<meta property=\"og:type\" content=\"article\" \/>\n<meta property=\"og:title\" content=\"Poradnia neurologiczna - DCO Lubin\" \/>\n<meta property=\"og:description\" content=\"Poradnia Neurologiczna oferuje diagnostyk\u0119 i leczenie chor\u00f3b uk\u0142adu nerwowego w zakresie chor\u00f3b m\u00f3zgu, rdzenia kr\u0119gowego, nerw\u00f3w obwodowych i funkcji nerwowo-mi\u0119\u015bniowych. Zajmuje si\u0119 r\u00f3wnie\u017c schorzeniami z pogranicza neurologii i psychiatrii m.in. depresj\u0105.\u00a0 Nasi Pacjenci najcz\u0119\u015bciej na konsultacj\u0119 neurologiczn\u0105 zg\u0142aszaj\u0105 si\u0119 do nas z takimi problemami jak: b\u00f3le g\u0142owy, b\u00f3le kr\u0119gos\u0142upa, zaburzenia czucia, os\u0142abienie si\u0142y mi\u0119\u015bniowej, dr\u017cenie [&hellip;]\" \/>\n<meta property=\"og:url\" content=\"https:\/\/dco.pl\/lubin\/poradnie-i-cenniki\/poradnia-psychiatryczna\/\" \/>\n<meta property=\"og:site_name\" content=\"DCO Lubin\" \/>\n<meta property=\"article:modified_time\" content=\"2023-08-29T10:56:54+00:00\" \/>\n<meta property=\"og:image\" content=\"https:\/\/dco.pl\/lubin\/wp-content\/uploads\/sites\/2\/2022\/08\/neurologia-1024x683-1.jpg\" \/>\n\t<meta property=\"og:image:width\" content=\"1024\" \/>\n\t<meta property=\"og:image:height\" content=\"683\" \/>\n\t<meta property=\"og:image:type\" content=\"image\/jpeg\" \/>\n<meta name=\"twitter:card\" content=\"summary_large_image\" \/>\n<meta name=\"twitter:label1\" content=\"Szacowany czas czytania\" \/>\n\t<meta name=\"twitter:data1\" content=\"2 minuty\" \/>\n<script type=\"application\/ld+json\" class=\"yoast-schema-graph\">{\"@context\":\"https:\/\/schema.org\",\"@graph\":[{\"@type\":\"WebPage\",\"@id\":\"https:\/\/dco.pl\/lubin\/poradnie-i-cenniki\/poradnia-psychiatryczna\/\",\"url\":\"https:\/\/dco.pl\/lubin\/poradnie-i-cenniki\/poradnia-psychiatryczna\/\",\"name\":\"Poradnia neurologiczna - DCO Lubin\",\"isPartOf\":{\"@id\":\"https:\/\/dco.pl\/lubin\/#website\"},\"datePublished\":\"2021-12-29T09:24:25+00:00\",\"dateModified\":\"2023-08-29T10:56:54+00:00\",\"breadcrumb\":{\"@id\":\"https:\/\/dco.pl\/lubin\/poradnie-i-cenniki\/poradnia-psychiatryczna\/#breadcrumb\"},\"inLanguage\":\"pl-PL\",\"potentialAction\":[{\"@type\":\"ReadAction\",\"target\":[\"https:\/\/dco.pl\/lubin\/poradnie-i-cenniki\/poradnia-psychiatryczna\/\"]}]},{\"@type\":\"BreadcrumbList\",\"@id\":\"https:\/\/dco.pl\/lubin\/poradnie-i-cenniki\/poradnia-psychiatryczna\/#breadcrumb\",\"itemListElement\":[{\"@type\":\"ListItem\",\"position\":1,\"name\":\"Strona g\u0142\u00f3wna\",\"item\":\"https:\/\/dco.pl\/lubin\/\"},{\"@type\":\"ListItem\",\"position\":2,\"name\":\"Poradnie i cenniki\",\"item\":\"https:\/\/dco.pl\/lubin\/poradnie-i-cenniki\/\"},{\"@type\":\"ListItem\",\"position\":3,\"name\":\"Poradnia neurologiczna\"}]},{\"@type\":\"WebSite\",\"@id\":\"https:\/\/dco.pl\/lubin\/#website\",\"url\":\"https:\/\/dco.pl\/lubin\/\",\"name\":\"DCO Lubin\",\"description\":\"Just another WordPress site\",\"potentialAction\":[{\"@type\":\"SearchAction\",\"target\":{\"@type\":\"EntryPoint\",\"urlTemplate\":\"https:\/\/dco.pl\/lubin\/?s={search_term_string}\"},\"query-input\":\"required name=search_term_string\"}],\"inLanguage\":\"pl-PL\"}]}<\/script>\n<!-- \/ Yoast SEO plugin. -->","yoast_head_json":{"title":"Poradnia neurologiczna - DCO Lubin","robots":{"index":"index","follow":"follow","max-snippet":"max-snippet:-1","max-image-preview":"max-image-preview:large","max-video-preview":"max-video-preview:-1"},"canonical":"https:\/\/dco.pl\/lubin\/poradnie-i-cenniki\/poradnia-psychiatryczna\/","og_locale":"pl_PL","og_type":"article","og_title":"Poradnia neurologiczna - DCO Lubin","og_description":"Poradnia Neurologiczna oferuje diagnostyk\u0119 i leczenie chor\u00f3b uk\u0142adu nerwowego w zakresie chor\u00f3b m\u00f3zgu, rdzenia kr\u0119gowego, nerw\u00f3w obwodowych i funkcji nerwowo-mi\u0119\u015bniowych. Zajmuje si\u0119 r\u00f3wnie\u017c schorzeniami z pogranicza neurologii i psychiatrii m.in. depresj\u0105.\u00a0 Nasi Pacjenci najcz\u0119\u015bciej na konsultacj\u0119 neurologiczn\u0105 zg\u0142aszaj\u0105 si\u0119 do nas z takimi problemami jak: b\u00f3le g\u0142owy, b\u00f3le kr\u0119gos\u0142upa, zaburzenia czucia, os\u0142abienie si\u0142y mi\u0119\u015bniowej, dr\u017cenie [&hellip;]","og_url":"https:\/\/dco.pl\/lubin\/poradnie-i-cenniki\/poradnia-psychiatryczna\/","og_site_name":"DCO Lubin","article_modified_time":"2023-08-29T10:56:54+00:00","og_image":[{"width":1024,"height":683,"url":"https:\/\/dco.pl\/lubin\/wp-content\/uploads\/sites\/2\/2022\/08\/neurologia-1024x683-1.jpg","type":"image\/jpeg"}],"twitter_card":"summary_large_image","twitter_misc":{"Szacowany czas czytania":"2 minuty"},"schema":{"@context":"https:\/\/schema.org","@graph":[{"@type":"WebPage","@id":"https:\/\/dco.pl\/lubin\/poradnie-i-cenniki\/poradnia-psychiatryczna\/","url":"https:\/\/dco.pl\/lubin\/poradnie-i-cenniki\/poradnia-psychiatryczna\/","name":"Poradnia neurologiczna - DCO Lubin","isPartOf":{"@id":"https:\/\/dco.pl\/lubin\/#website"},"datePublished":"2021-12-29T09:24:25+00:00","dateModified":"2023-08-29T10:56:54+00:00","breadcrumb":{"@id":"https:\/\/dco.pl\/lubin\/poradnie-i-cenniki\/poradnia-psychiatryczna\/#breadcrumb"},"inLanguage":"pl-PL","potentialAction":[{"@type":"ReadAction","target":["https:\/\/dco.pl\/lubin\/poradnie-i-cenniki\/poradnia-psychiatryczna\/"]}]},{"@type":"BreadcrumbList","@id":"https:\/\/dco.pl\/lubin\/poradnie-i-cenniki\/poradnia-psychiatryczna\/#breadcrumb","itemListElement":[{"@type":"ListItem","position":1,"name":"Strona g\u0142\u00f3wna","item":"https:\/\/dco.pl\/lubin\/"},{"@type":"ListItem","position":2,"name":"Poradnie i cenniki","item":"https:\/\/dco.pl\/lubin\/poradnie-i-cenniki\/"},{"@type":"ListItem","position":3,"name":"Poradnia neurologiczna"}]},{"@type":"WebSite","@id":"https:\/\/dco.pl\/lubin\/#website","url":"https:\/\/dco.pl\/lubin\/","name":"DCO Lubin","description":"Just another WordPress site","potentialAction":[{"@type":"SearchAction","target":{"@type":"EntryPoint","urlTemplate":"https:\/\/dco.pl\/lubin\/?s={search_term_string}"},"query-input":"required name=search_term_string"}],"inLanguage":"pl-PL"}]}},"_links":{"self":[{"href":"https:\/\/dco.pl\/lubin\/wp-json\/wp\/v2\/pages\/200"}],"collection":[{"href":"https:\/\/dco.pl\/lubin\/wp-json\/wp\/v2\/pages"}],"about":[{"href":"https:\/\/dco.pl\/lubin\/wp-json\/wp\/v2\/types\/page"}],"author":[{"embeddable":true,"href":"https:\/\/dco.pl\/lubin\/wp-json\/wp\/v2\/users\/1"}],"replies":[{"embeddable":true,"href":"https:\/\/dco.pl\/lubin\/wp-json\/wp\/v2\/comments?post=200"}],"version-history":[{"count":7,"href":"https:\/\/dco.pl\/lubin\/wp-json\/wp\/v2\/pages\/200\/revisions"}],"predecessor-version":[{"id":452,"href":"https:\/\/dco.pl\/lubin\/wp-json\/wp\/v2\/pages\/200\/revisions\/452"}],"up":[{"embeddable":true,"href":"https:\/\/dco.pl\/lubin\/wp-json\/wp\/v2\/pages\/19"}],"wp:featuredmedia":[{"embeddable":true,"href":"https:\/\/dco.pl\/lubin\/wp-json\/wp\/v2\/media\/318"}],"wp:attachment":[{"href":"https:\/\/dco.pl\/lubin\/wp-json\/wp\/v2\/media?parent=200"}],"curies":[{"name":"wp","href":"https:\/\/api.w.org\/{rel}","templated":true}]}}