{"id":437,"date":"2021-12-17T00:00:06","date_gmt":"2021-12-17T00:00:06","guid":{"rendered":"http:\/\/dco.pl\/lubin\/?page_id=437"},"modified":"2023-08-31T07:11:42","modified_gmt":"2023-08-31T07:11:42","slug":"poradnia-reumatologiczna-2","status":"publish","type":"page","link":"https:\/\/dco.pl\/lubin\/poradnie-i-cenniki\/poradnia-reumatologiczna-2\/","title":{"rendered":"Poradnia reumatologiczna"},"content":{"rendered":"<p><strong>Reumatologia to dziedzina medycyny zajmuj\u0105ca si\u0119 schorzeniami reumatycznymi (metabolicznymi, zapalnymi, zwyrodnieniowymi) ko\u015bci, staw\u00f3w (uk\u0142adu kostno-stawowego), a tak\u017ce og\u00f3lnoustrojowymi stanami zapalnymi tkanki \u0142\u0105cznej (kolagenozy), ich rozpoznawaniem, leczeniem oraz zapobieganiem.<\/strong><\/p>\n<p>Choroby reumatyczne rozwijaj\u0105 si\u0119 podst\u0119pnie lub bardzo szybko. Niekt\u00f3re z nich, jak np. reumatoidalne zapalenie staw\u00f3w (RZS), zesztywniaj\u0105ce zapalenie staw\u00f3w kr\u0119gos\u0142upa (ZZSK), tocze\u0144 rumieniowaty uk\u0142adowy (TRU) czy zapalenie wielomi\u0119\u015bniowe mog\u0105 prowadzi\u0107 do powa\u017cnych powik\u0142a\u0144 nie tylko ze strony uk\u0142adu ruchu, ale r\u00f3wnie\u017c narz\u0105d\u00f3w wewn\u0119trznych (p\u0142uc, serca, nerek). Wa\u017cny jest czas, trafnie postawione rozpoznanie i szybkie podj\u0119cie w\u0142a\u015bciwego leczenia w celu zatrzymania oraz ust\u0105pienia objaw\u00f3w choroby.<\/p>\n<p>Nasi Pacjenci do poradni reumatologicznej najcz\u0119\u015bciej zg\u0142aszaj\u0105 si\u0119 po zaobserwowaniu niepokoj\u0105cych objaw\u00f3w takich jak: b\u00f3l staw\u00f3w, mi\u0119\u015bni i ko\u015bci. Kiedy pojawiaj\u0105 si\u0119 obrz\u0119ki staw\u00f3w, problemy ze schylaniem si\u0119, sztywno\u015bci\u0105 staw\u00f3w, k\u0142opot\u00f3w z utrzymaniem przedmiot\u00f3w. Cz\u0119sto te\u017c przez dolegliwo\u015bci ze strony jamy brzusznej, kt\u00f3rych nie da si\u0119 wyja\u015bni\u0107 dysfunkcj\u0105 \u017co\u0142\u0105dka, jelit czy innych narz\u0105d\u00f3w.<\/p>\n<p>W naszym Centrum oferujemy pe\u0142n\u0105 diagnostyk\u0119 obrazow\u0105 (USG, RTG, MRI) oraz leczenie b\u00f3l\u00f3w staw\u00f3w wywo\u0142anych chorobami uk\u0142adowymi tkanki \u0142\u0105cznej, reumatoidalnym zapaleniem staw\u00f3w, zapaleniami staw\u00f3w zwi\u0105zanymi z zaka\u017ceniami bakteryjnymi lub wirusowymi, chorobami o pod\u0142o\u017cu metabolicznym i hormonalnym (dna moczanowa, osteoporoza).<\/p>\n","protected":false},"excerpt":{"rendered":"<p>Reumatologia to dziedzina medycyny zajmuj\u0105ca si\u0119 schorzeniami reumatycznymi (metabolicznymi, zapalnymi, zwyrodnieniowymi) ko\u015bci, staw\u00f3w (uk\u0142adu kostno-stawowego), a tak\u017ce og\u00f3lnoustrojowymi stanami zapalnymi tkanki \u0142\u0105cznej (kolagenozy), ich rozpoznawaniem, leczeniem oraz zapobieganiem. Choroby reumatyczne rozwijaj\u0105 si\u0119 podst\u0119pnie lub bardzo szybko. Niekt\u00f3re z nich, jak np. reumatoidalne zapalenie staw\u00f3w (RZS), zesztywniaj\u0105ce zapalenie staw\u00f3w kr\u0119gos\u0142upa (ZZSK), tocze\u0144 rumieniowaty uk\u0142adowy (TRU) czy [&hellip;]<\/p>\n","protected":false},"author":1,"featured_media":439,"parent":19,"menu_order":4,"comment_status":"closed","ping_status":"closed","template":"page-single-poradnia.php","meta":{"inline_featured_image":false},"acf":[],"yoast_head":"<!-- This site is optimized with the Yoast SEO plugin v20.6 - https:\/\/yoast.com\/wordpress\/plugins\/seo\/ -->\n<title>Poradnia reumatologiczna - DCO Lubin<\/title>\n<meta name=\"robots\" content=\"index, follow, max-snippet:-1, max-image-preview:large, max-video-preview:-1\" \/>\n<link rel=\"canonical\" href=\"http:\/\/dco.pl\/lubin\/poradnie-i-cenniki\/poradnia-reumatologiczna-2\/\" \/>\n<meta property=\"og:locale\" content=\"pl_PL\" \/>\n<meta property=\"og:type\" content=\"article\" \/>\n<meta property=\"og:title\" content=\"Poradnia reumatologiczna - DCO Lubin\" \/>\n<meta property=\"og:description\" content=\"Reumatologia to dziedzina medycyny zajmuj\u0105ca si\u0119 schorzeniami reumatycznymi (metabolicznymi, zapalnymi, zwyrodnieniowymi) ko\u015bci, staw\u00f3w (uk\u0142adu kostno-stawowego), a tak\u017ce og\u00f3lnoustrojowymi stanami zapalnymi tkanki \u0142\u0105cznej (kolagenozy), ich rozpoznawaniem, leczeniem oraz zapobieganiem. Choroby reumatyczne rozwijaj\u0105 si\u0119 podst\u0119pnie lub bardzo szybko. Niekt\u00f3re z nich, jak np. reumatoidalne zapalenie staw\u00f3w (RZS), zesztywniaj\u0105ce zapalenie staw\u00f3w kr\u0119gos\u0142upa (ZZSK), tocze\u0144 rumieniowaty uk\u0142adowy (TRU) czy [&hellip;]\" \/>\n<meta property=\"og:url\" content=\"http:\/\/dco.pl\/lubin\/poradnie-i-cenniki\/poradnia-reumatologiczna-2\/\" \/>\n<meta property=\"og:site_name\" content=\"DCO Lubin\" \/>\n<meta property=\"article:modified_time\" content=\"2023-08-31T07:11:42+00:00\" \/>\n<meta property=\"og:image\" content=\"http:\/\/dco.pl\/lubin\/wp-content\/uploads\/sites\/2\/2022\/10\/reumatologia-1024x680-1.jpg\" \/>\n\t<meta property=\"og:image:width\" content=\"1024\" \/>\n\t<meta property=\"og:image:height\" content=\"680\" \/>\n\t<meta property=\"og:image:type\" content=\"image\/jpeg\" \/>\n<meta name=\"twitter:card\" content=\"summary_large_image\" \/>\n<meta name=\"twitter:label1\" content=\"Szacowany czas czytania\" \/>\n\t<meta name=\"twitter:data1\" content=\"2 minuty\" \/>\n<script type=\"application\/ld+json\" class=\"yoast-schema-graph\">{\"@context\":\"https:\/\/schema.org\",\"@graph\":[{\"@type\":\"WebPage\",\"@id\":\"http:\/\/dco.pl\/lubin\/poradnie-i-cenniki\/poradnia-reumatologiczna-2\/\",\"url\":\"http:\/\/dco.pl\/lubin\/poradnie-i-cenniki\/poradnia-reumatologiczna-2\/\",\"name\":\"Poradnia reumatologiczna - DCO Lubin\",\"isPartOf\":{\"@id\":\"https:\/\/dco.pl\/lubin\/#website\"},\"datePublished\":\"2021-12-17T00:00:06+00:00\",\"dateModified\":\"2023-08-31T07:11:42+00:00\",\"breadcrumb\":{\"@id\":\"http:\/\/dco.pl\/lubin\/poradnie-i-cenniki\/poradnia-reumatologiczna-2\/#breadcrumb\"},\"inLanguage\":\"pl-PL\",\"potentialAction\":[{\"@type\":\"ReadAction\",\"target\":[\"http:\/\/dco.pl\/lubin\/poradnie-i-cenniki\/poradnia-reumatologiczna-2\/\"]}]},{\"@type\":\"BreadcrumbList\",\"@id\":\"http:\/\/dco.pl\/lubin\/poradnie-i-cenniki\/poradnia-reumatologiczna-2\/#breadcrumb\",\"itemListElement\":[{\"@type\":\"ListItem\",\"position\":1,\"name\":\"Strona g\u0142\u00f3wna\",\"item\":\"https:\/\/dco.pl\/lubin\/\"},{\"@type\":\"ListItem\",\"position\":2,\"name\":\"Poradnie i cenniki\",\"item\":\"https:\/\/dco.pl\/lubin\/poradnie-i-cenniki\/\"},{\"@type\":\"ListItem\",\"position\":3,\"name\":\"Poradnia reumatologiczna\"}]},{\"@type\":\"WebSite\",\"@id\":\"https:\/\/dco.pl\/lubin\/#website\",\"url\":\"https:\/\/dco.pl\/lubin\/\",\"name\":\"DCO Lubin\",\"description\":\"Just another WordPress site\",\"potentialAction\":[{\"@type\":\"SearchAction\",\"target\":{\"@type\":\"EntryPoint\",\"urlTemplate\":\"https:\/\/dco.pl\/lubin\/?s={search_term_string}\"},\"query-input\":\"required name=search_term_string\"}],\"inLanguage\":\"pl-PL\"}]}<\/script>\n<!-- \/ Yoast SEO plugin. -->","yoast_head_json":{"title":"Poradnia reumatologiczna - DCO Lubin","robots":{"index":"index","follow":"follow","max-snippet":"max-snippet:-1","max-image-preview":"max-image-preview:large","max-video-preview":"max-video-preview:-1"},"canonical":"http:\/\/dco.pl\/lubin\/poradnie-i-cenniki\/poradnia-reumatologiczna-2\/","og_locale":"pl_PL","og_type":"article","og_title":"Poradnia reumatologiczna - DCO Lubin","og_description":"Reumatologia to dziedzina medycyny zajmuj\u0105ca si\u0119 schorzeniami reumatycznymi (metabolicznymi, zapalnymi, zwyrodnieniowymi) ko\u015bci, staw\u00f3w (uk\u0142adu kostno-stawowego), a tak\u017ce og\u00f3lnoustrojowymi stanami zapalnymi tkanki \u0142\u0105cznej (kolagenozy), ich rozpoznawaniem, leczeniem oraz zapobieganiem. Choroby reumatyczne rozwijaj\u0105 si\u0119 podst\u0119pnie lub bardzo szybko. Niekt\u00f3re z nich, jak np. reumatoidalne zapalenie staw\u00f3w (RZS), zesztywniaj\u0105ce zapalenie staw\u00f3w kr\u0119gos\u0142upa (ZZSK), tocze\u0144 rumieniowaty uk\u0142adowy (TRU) czy [&hellip;]","og_url":"http:\/\/dco.pl\/lubin\/poradnie-i-cenniki\/poradnia-reumatologiczna-2\/","og_site_name":"DCO Lubin","article_modified_time":"2023-08-31T07:11:42+00:00","og_image":[{"width":1024,"height":680,"url":"http:\/\/dco.pl\/lubin\/wp-content\/uploads\/sites\/2\/2022\/10\/reumatologia-1024x680-1.jpg","type":"image\/jpeg"}],"twitter_card":"summary_large_image","twitter_misc":{"Szacowany czas czytania":"2 minuty"},"schema":{"@context":"https:\/\/schema.org","@graph":[{"@type":"WebPage","@id":"http:\/\/dco.pl\/lubin\/poradnie-i-cenniki\/poradnia-reumatologiczna-2\/","url":"http:\/\/dco.pl\/lubin\/poradnie-i-cenniki\/poradnia-reumatologiczna-2\/","name":"Poradnia reumatologiczna - DCO Lubin","isPartOf":{"@id":"https:\/\/dco.pl\/lubin\/#website"},"datePublished":"2021-12-17T00:00:06+00:00","dateModified":"2023-08-31T07:11:42+00:00","breadcrumb":{"@id":"http:\/\/dco.pl\/lubin\/poradnie-i-cenniki\/poradnia-reumatologiczna-2\/#breadcrumb"},"inLanguage":"pl-PL","potentialAction":[{"@type":"ReadAction","target":["http:\/\/dco.pl\/lubin\/poradnie-i-cenniki\/poradnia-reumatologiczna-2\/"]}]},{"@type":"BreadcrumbList","@id":"http:\/\/dco.pl\/lubin\/poradnie-i-cenniki\/poradnia-reumatologiczna-2\/#breadcrumb","itemListElement":[{"@type":"ListItem","position":1,"name":"Strona g\u0142\u00f3wna","item":"https:\/\/dco.pl\/lubin\/"},{"@type":"ListItem","position":2,"name":"Poradnie i cenniki","item":"https:\/\/dco.pl\/lubin\/poradnie-i-cenniki\/"},{"@type":"ListItem","position":3,"name":"Poradnia reumatologiczna"}]},{"@type":"WebSite","@id":"https:\/\/dco.pl\/lubin\/#website","url":"https:\/\/dco.pl\/lubin\/","name":"DCO Lubin","description":"Just another WordPress site","potentialAction":[{"@type":"SearchAction","target":{"@type":"EntryPoint","urlTemplate":"https:\/\/dco.pl\/lubin\/?s={search_term_string}"},"query-input":"required name=search_term_string"}],"inLanguage":"pl-PL"}]}},"_links":{"self":[{"href":"https:\/\/dco.pl\/lubin\/wp-json\/wp\/v2\/pages\/437"}],"collection":[{"href":"https:\/\/dco.pl\/lubin\/wp-json\/wp\/v2\/pages"}],"about":[{"href":"https:\/\/dco.pl\/lubin\/wp-json\/wp\/v2\/types\/page"}],"author":[{"embeddable":true,"href":"https:\/\/dco.pl\/lubin\/wp-json\/wp\/v2\/users\/1"}],"replies":[{"embeddable":true,"href":"https:\/\/dco.pl\/lubin\/wp-json\/wp\/v2\/comments?post=437"}],"version-history":[{"count":2,"href":"https:\/\/dco.pl\/lubin\/wp-json\/wp\/v2\/pages\/437\/revisions"}],"predecessor-version":[{"id":454,"href":"https:\/\/dco.pl\/lubin\/wp-json\/wp\/v2\/pages\/437\/revisions\/454"}],"up":[{"embeddable":true,"href":"https:\/\/dco.pl\/lubin\/wp-json\/wp\/v2\/pages\/19"}],"wp:featuredmedia":[{"embeddable":true,"href":"https:\/\/dco.pl\/lubin\/wp-json\/wp\/v2\/media\/439"}],"wp:attachment":[{"href":"https:\/\/dco.pl\/lubin\/wp-json\/wp\/v2\/media?parent=437"}],"curies":[{"name":"wp","href":"https:\/\/api.w.org\/{rel}","templated":true}]}}