{"id":45,"date":"2021-12-19T13:55:22","date_gmt":"2021-12-19T13:55:22","guid":{"rendered":"http:\/\/dco.pl\/lubin\/?page_id=45"},"modified":"2022-08-17T08:56:37","modified_gmt":"2022-08-17T08:56:37","slug":"diagnostyka","status":"publish","type":"page","link":"https:\/\/dco.pl\/lubin\/diagnostyka\/","title":{"rendered":"Diagnostyka"},"content":{"rendered":"<div class=\"cxmmr5t8 oygrvhab hcukyx3x c1et5uql o9v6fnle ii04i59q\">\n<p><b>Kompletuj\u0105c aparatur\u0119 w Lubinie, postawili\u015bmy na nowoczesny sprz\u0119t do diagnostyki obrazowej.\u00a0<\/b><\/p>\n<p>Nasze urz\u0105dzenia stworzone zosta\u0142y do dok\u0142adnej diagnostyki staw\u00f3w, bioderek u dzieci oraz og\u00f3lnych bada\u0144 obrazowych.<\/p>\n<div class=\"cxmmr5t8 oygrvhab hcukyx3x c1et5uql o9v6fnle ii04i59q\">\n<div dir=\"auto\">\n<p><strong>Badanie USG pozwala oceni\u0107:\u00a0\u00a0<\/strong><\/p>\n<\/div>\n<\/div>\n<p>&#8211; wielko\u015b\u0107, kszta\u0142t oraz struktur\u0119 zmian w uk\u0142adzie mi\u0119\u015bniowo-szkieletowo-stawowym,<br \/>\n&#8211; wielko\u015b\u0107, kszta\u0142t oraz struktur\u0119 zmian nowotworowych,<br \/>\n&#8211; pozwala oceni\u0107 charakter zmiany, czy jest to zmiana zapalna nowotworowa, zanikowa czy zwyrodnieniowa,<br \/>\n&#8211; determinuje dalsze post\u0119powanie diagnostyczne przy podejrzeniu nowotworu z\u0142o\u015bliwego.<\/p>\n<p>Podczas konsultacji w naszym Centrum istnieje mo\u017cliwo\u015b\u0107 przeprowadzenia bada\u0144 USG w celu dok\u0142adnej diagnostyki. Pracujemy na wysokiej klasy sprz\u0119cie, by dok\u0142adnie diagnozowa\u0107 problemy naszych Pacjent\u00f3w.<br \/>\nSprawna i trafna diagnostyka to klucz do sukcesu w ca\u0142ym procesie terapeutycznym!<\/p>\n<p><b>Nasi specjali\u015bci maj\u0105 mo\u017cliwo\u015b\u0107 przeprowadzenia m.in.:<\/b><\/p>\n<p>&#8211; USG stawu barkowego,<br \/>\n&#8211; USG stawu \u0142okciowego,<br \/>\n&#8211; USG stawu nadgarstkowego,<br \/>\n&#8211; USG stawu biodrowego,<br \/>\n&#8211; USG stawu kolanowego,<br \/>\n&#8211; USG stawu skokowego,<br \/>\n&#8211; USG spojenia \u0142onowego,<br \/>\n&#8211; USG \u015bci\u0119gna Achillesa,<br \/>\n&#8211; USG tkanek mi\u0119kkich,<br \/>\n&#8211; i wiele wi\u0119cej.<\/p>\n<p>&nbsp;<\/p>\n<\/div>\n","protected":false},"excerpt":{"rendered":"<p>Kompletuj\u0105c aparatur\u0119 w Lubinie, postawili\u015bmy na nowoczesny sprz\u0119t do diagnostyki obrazowej.\u00a0 Nasze urz\u0105dzenia stworzone zosta\u0142y do dok\u0142adnej diagnostyki staw\u00f3w, bioderek u dzieci oraz og\u00f3lnych bada\u0144 obrazowych. Badanie USG pozwala oceni\u0107:\u00a0\u00a0 &#8211; wielko\u015b\u0107, kszta\u0142t oraz struktur\u0119 zmian w uk\u0142adzie mi\u0119\u015bniowo-szkieletowo-stawowym, &#8211; wielko\u015b\u0107, kszta\u0142t oraz struktur\u0119 zmian nowotworowych, &#8211; pozwala oceni\u0107 charakter zmiany, czy jest to zmiana [&hellip;]<\/p>\n","protected":false},"author":1,"featured_media":267,"parent":0,"menu_order":0,"comment_status":"closed","ping_status":"closed","template":"","meta":{"inline_featured_image":false},"acf":[],"yoast_head":"<!-- This site is optimized with the Yoast SEO plugin v20.6 - https:\/\/yoast.com\/wordpress\/plugins\/seo\/ -->\n<title>Diagnostyka - DCO Lubin<\/title>\n<meta name=\"robots\" content=\"index, follow, max-snippet:-1, max-image-preview:large, max-video-preview:-1\" \/>\n<link rel=\"canonical\" href=\"http:\/\/dco.pl\/lubin\/diagnostyka\/\" \/>\n<meta property=\"og:locale\" content=\"pl_PL\" \/>\n<meta property=\"og:type\" content=\"article\" \/>\n<meta property=\"og:title\" content=\"Diagnostyka - DCO Lubin\" \/>\n<meta property=\"og:description\" content=\"Kompletuj\u0105c aparatur\u0119 w Lubinie, postawili\u015bmy na nowoczesny sprz\u0119t do diagnostyki obrazowej.\u00a0 Nasze urz\u0105dzenia stworzone zosta\u0142y do dok\u0142adnej diagnostyki staw\u00f3w, bioderek u dzieci oraz og\u00f3lnych bada\u0144 obrazowych. Badanie USG pozwala oceni\u0107:\u00a0\u00a0 &#8211; wielko\u015b\u0107, kszta\u0142t oraz struktur\u0119 zmian w uk\u0142adzie mi\u0119\u015bniowo-szkieletowo-stawowym, &#8211; wielko\u015b\u0107, kszta\u0142t oraz struktur\u0119 zmian nowotworowych, &#8211; pozwala oceni\u0107 charakter zmiany, czy jest to zmiana [&hellip;]\" \/>\n<meta property=\"og:url\" content=\"http:\/\/dco.pl\/lubin\/diagnostyka\/\" \/>\n<meta property=\"og:site_name\" content=\"DCO Lubin\" \/>\n<meta property=\"article:modified_time\" content=\"2022-08-17T08:56:37+00:00\" \/>\n<meta property=\"og:image\" content=\"http:\/\/dco.pl\/lubin\/wp-content\/uploads\/sites\/2\/2022\/07\/usg-scaled.jpeg\" \/>\n\t<meta property=\"og:image:width\" content=\"1920\" \/>\n\t<meta property=\"og:image:height\" content=\"2560\" \/>\n\t<meta property=\"og:image:type\" content=\"image\/jpeg\" \/>\n<meta name=\"twitter:card\" content=\"summary_large_image\" \/>\n<meta name=\"twitter:label1\" content=\"Szacowany czas czytania\" \/>\n\t<meta name=\"twitter:data1\" content=\"1 minuta\" \/>\n<script type=\"application\/ld+json\" class=\"yoast-schema-graph\">{\"@context\":\"https:\/\/schema.org\",\"@graph\":[{\"@type\":\"WebPage\",\"@id\":\"http:\/\/dco.pl\/lubin\/diagnostyka\/\",\"url\":\"http:\/\/dco.pl\/lubin\/diagnostyka\/\",\"name\":\"Diagnostyka - DCO Lubin\",\"isPartOf\":{\"@id\":\"https:\/\/dco.pl\/lubin\/#website\"},\"datePublished\":\"2021-12-19T13:55:22+00:00\",\"dateModified\":\"2022-08-17T08:56:37+00:00\",\"breadcrumb\":{\"@id\":\"http:\/\/dco.pl\/lubin\/diagnostyka\/#breadcrumb\"},\"inLanguage\":\"pl-PL\",\"potentialAction\":[{\"@type\":\"ReadAction\",\"target\":[\"http:\/\/dco.pl\/lubin\/diagnostyka\/\"]}]},{\"@type\":\"BreadcrumbList\",\"@id\":\"http:\/\/dco.pl\/lubin\/diagnostyka\/#breadcrumb\",\"itemListElement\":[{\"@type\":\"ListItem\",\"position\":1,\"name\":\"Strona g\u0142\u00f3wna\",\"item\":\"https:\/\/dco.pl\/lubin\/\"},{\"@type\":\"ListItem\",\"position\":2,\"name\":\"Diagnostyka\"}]},{\"@type\":\"WebSite\",\"@id\":\"https:\/\/dco.pl\/lubin\/#website\",\"url\":\"https:\/\/dco.pl\/lubin\/\",\"name\":\"DCO Lubin\",\"description\":\"Just another WordPress site\",\"potentialAction\":[{\"@type\":\"SearchAction\",\"target\":{\"@type\":\"EntryPoint\",\"urlTemplate\":\"https:\/\/dco.pl\/lubin\/?s={search_term_string}\"},\"query-input\":\"required name=search_term_string\"}],\"inLanguage\":\"pl-PL\"}]}<\/script>\n<!-- \/ Yoast SEO plugin. -->","yoast_head_json":{"title":"Diagnostyka - DCO Lubin","robots":{"index":"index","follow":"follow","max-snippet":"max-snippet:-1","max-image-preview":"max-image-preview:large","max-video-preview":"max-video-preview:-1"},"canonical":"http:\/\/dco.pl\/lubin\/diagnostyka\/","og_locale":"pl_PL","og_type":"article","og_title":"Diagnostyka - DCO Lubin","og_description":"Kompletuj\u0105c aparatur\u0119 w Lubinie, postawili\u015bmy na nowoczesny sprz\u0119t do diagnostyki obrazowej.\u00a0 Nasze urz\u0105dzenia stworzone zosta\u0142y do dok\u0142adnej diagnostyki staw\u00f3w, bioderek u dzieci oraz og\u00f3lnych bada\u0144 obrazowych. Badanie USG pozwala oceni\u0107:\u00a0\u00a0 &#8211; wielko\u015b\u0107, kszta\u0142t oraz struktur\u0119 zmian w uk\u0142adzie mi\u0119\u015bniowo-szkieletowo-stawowym, &#8211; wielko\u015b\u0107, kszta\u0142t oraz struktur\u0119 zmian nowotworowych, &#8211; pozwala oceni\u0107 charakter zmiany, czy jest to zmiana [&hellip;]","og_url":"http:\/\/dco.pl\/lubin\/diagnostyka\/","og_site_name":"DCO Lubin","article_modified_time":"2022-08-17T08:56:37+00:00","og_image":[{"width":1920,"height":2560,"url":"http:\/\/dco.pl\/lubin\/wp-content\/uploads\/sites\/2\/2022\/07\/usg-scaled.jpeg","type":"image\/jpeg"}],"twitter_card":"summary_large_image","twitter_misc":{"Szacowany czas czytania":"1 minuta"},"schema":{"@context":"https:\/\/schema.org","@graph":[{"@type":"WebPage","@id":"http:\/\/dco.pl\/lubin\/diagnostyka\/","url":"http:\/\/dco.pl\/lubin\/diagnostyka\/","name":"Diagnostyka - DCO Lubin","isPartOf":{"@id":"https:\/\/dco.pl\/lubin\/#website"},"datePublished":"2021-12-19T13:55:22+00:00","dateModified":"2022-08-17T08:56:37+00:00","breadcrumb":{"@id":"http:\/\/dco.pl\/lubin\/diagnostyka\/#breadcrumb"},"inLanguage":"pl-PL","potentialAction":[{"@type":"ReadAction","target":["http:\/\/dco.pl\/lubin\/diagnostyka\/"]}]},{"@type":"BreadcrumbList","@id":"http:\/\/dco.pl\/lubin\/diagnostyka\/#breadcrumb","itemListElement":[{"@type":"ListItem","position":1,"name":"Strona g\u0142\u00f3wna","item":"https:\/\/dco.pl\/lubin\/"},{"@type":"ListItem","position":2,"name":"Diagnostyka"}]},{"@type":"WebSite","@id":"https:\/\/dco.pl\/lubin\/#website","url":"https:\/\/dco.pl\/lubin\/","name":"DCO Lubin","description":"Just another WordPress site","potentialAction":[{"@type":"SearchAction","target":{"@type":"EntryPoint","urlTemplate":"https:\/\/dco.pl\/lubin\/?s={search_term_string}"},"query-input":"required name=search_term_string"}],"inLanguage":"pl-PL"}]}},"_links":{"self":[{"href":"https:\/\/dco.pl\/lubin\/wp-json\/wp\/v2\/pages\/45"}],"collection":[{"href":"https:\/\/dco.pl\/lubin\/wp-json\/wp\/v2\/pages"}],"about":[{"href":"https:\/\/dco.pl\/lubin\/wp-json\/wp\/v2\/types\/page"}],"author":[{"embeddable":true,"href":"https:\/\/dco.pl\/lubin\/wp-json\/wp\/v2\/users\/1"}],"replies":[{"embeddable":true,"href":"https:\/\/dco.pl\/lubin\/wp-json\/wp\/v2\/comments?post=45"}],"version-history":[{"count":10,"href":"https:\/\/dco.pl\/lubin\/wp-json\/wp\/v2\/pages\/45\/revisions"}],"predecessor-version":[{"id":331,"href":"https:\/\/dco.pl\/lubin\/wp-json\/wp\/v2\/pages\/45\/revisions\/331"}],"wp:featuredmedia":[{"embeddable":true,"href":"https:\/\/dco.pl\/lubin\/wp-json\/wp\/v2\/media\/267"}],"wp:attachment":[{"href":"https:\/\/dco.pl\/lubin\/wp-json\/wp\/v2\/media?parent=45"}],"curies":[{"name":"wp","href":"https:\/\/api.w.org\/{rel}","templated":true}]}}